{"id":252057,"date":"2025-08-11T16:03:00","date_gmt":"2025-08-11T20:03:00","guid":{"rendered":"https:\/\/lepelerin.org\/portail\/?page_id=252057"},"modified":"2025-08-11T16:03:00","modified_gmt":"2025-08-11T20:03:00","slug":"tutoriel","status":"publish","type":"page","link":"https:\/\/lepelerin.org\/portail\/bottin-des-accompagnateurs\/tutoriel\/","title":{"rendered":"Tutoriel \u2014 Cr\u00e9er et g\u00e9rer son profil dans le bottin des accompagnateurs\u00b7trices"},"content":{"rendered":"\n[et_pb_section fb_built=&#8221;1&#8243; _builder_version=&#8221;4.27.4&#8243; _module_preset=&#8221;default&#8221; global_colors_info=&#8221;{}&#8221;][et_pb_row _builder_version=&#8221;4.27.4&#8243; _module_preset=&#8221;default&#8221; global_colors_info=&#8221;{}&#8221;][et_pb_column type=&#8221;4_4&#8243; _builder_version=&#8221;4.27.4&#8243; _module_preset=&#8221;default&#8221; global_colors_info=&#8221;{}&#8221;][et_pb_heading title=&#8221;Tutoriel \u2014 Cr\u00e9er et g\u00e9rer son profil dans le bottin des accompagnateurs\u00b7trices&#8221; _builder_version=&#8221;4.27.4&#8243; _module_preset=&#8221;default&#8221; title_level=&#8221;h1&#8243; title_text_align=&#8221;left&#8221; global_colors_info=&#8221;{}&#8221;][\/et_pb_heading][\/et_pb_column][\/et_pb_row][et_pb_row _builder_version=&#8221;4.27.4&#8243; _module_preset=&#8221;default&#8221; global_colors_info=&#8221;{}&#8221;][et_pb_column type=&#8221;4_4&#8243; _builder_version=&#8221;4.27.4&#8243; _module_preset=&#8221;default&#8221; global_colors_info=&#8221;{}&#8221;][et_pb_heading title=&#8221;\u00c9tape 1 \u2013 S\u2019inscrire au bottin des accompagnateurs\u00b7trices&#8221; _builder_version=&#8221;4.27.4&#8243; _module_preset=&#8221;default&#8221; title_level=&#8221;h3&#8243; title_text_align=&#8221;left&#8221; title_font_size=&#8221;22px&#8221; global_colors_info=&#8221;{}&#8221;][\/et_pb_heading][et_pb_text module_class=&#8221;custom-bullet&#8221; _builder_version=&#8221;4.27.4&#8243; _module_preset=&#8221;default&#8221; global_colors_info=&#8221;{}&#8221;]<ol>\n<li>Rendez-vous sur la page d\u2019inscription : <a href=\"https:\/\/lepelerin.org\/portail\/bottin-des-accompagnateurs\/inscription\/\">https:\/\/lepelerin.org\/portail\/bottin-des-accompagnateurs\/inscription\/<\/a><\/li>\n<li>Remplissez les champs demand\u00e9s :<br \/>\n<ul style=\"padding-left: 40px;\">\n<li>Identifiant (lettres et chiffres, sans espace)<\/li>\n<li>Pr\u00e9nom<\/li>\n<li>Nom<\/li>\n<li>Adresse courriel valide<\/li>\n<li>Mot de passe s\u00e9curis\u00e9 (au moins 8 caract\u00e8res)<\/li>\n<li>Confirmez le mot de passe<\/li>\n<\/ul>\n<\/li>\n<li>Cochez la case \u00ab <strong>Je ne suis pas un robot<\/strong> \u00bb.<\/li>\n<li>Cliquez sur le bouton \u00ab <strong>S\u2019enregistrer<\/strong> \u00bb.<\/li>\n<li>Vous recevrez un courriel de confirmation avec un lien pour vous connecter.<\/li>\n<\/ol>[\/et_pb_text][\/et_pb_column][\/et_pb_row][et_pb_row _builder_version=&#8221;4.27.4&#8243; _module_preset=&#8221;default&#8221; global_colors_info=&#8221;{}&#8221;][et_pb_column type=&#8221;4_4&#8243; _builder_version=&#8221;4.27.4&#8243; _module_preset=&#8221;default&#8221; global_colors_info=&#8221;{}&#8221;][et_pb_heading title=&#8221;\u00c9tape 2 \u2013 Se connecter \u00e0 son compte&#8221; _builder_version=&#8221;4.27.4&#8243; _module_preset=&#8221;default&#8221; title_level=&#8221;h3&#8243; title_text_align=&#8221;left&#8221; title_font_size=&#8221;22px&#8221; global_colors_info=&#8221;{}&#8221;][\/et_pb_heading][et_pb_text module_class=&#8221;custom-bullet&#8221; _builder_version=&#8221;4.27.4&#8243; _module_preset=&#8221;default&#8221; global_colors_info=&#8221;{}&#8221;]<ol>\n<li>Ouvrez le courriel de confirmation que vous avez re\u00e7u apr\u00e8s l\u2019inscription.<\/li>\n<li>Cliquez sur le lien de connexion ou allez directement sur : <a href=\"https:\/\/lepelerin.org\/portail\/bottin-des-accompagnateurs\/connexion\/\">https:\/\/lepelerin.org\/portail\/bottin-des-accompagnateurs\/connexion\/<\/a><\/li>\n<li>Saisissez votre <strong>identifiant<\/strong> et <strong>mot de passe<\/strong>, puis cliquez sur \u00ab <strong>Connexion<\/strong> \u00bb.<\/li>\n<li>En cas d\u2019oubli de mot de passe, cliquez sur \u00ab <strong>Mot de passe oubli\u00e9 ?<\/strong> \u00bb et suivez les instructions envoy\u00e9es par courriel.<\/li>\n<\/ol>[\/et_pb_text][\/et_pb_column][\/et_pb_row][et_pb_row _builder_version=&#8221;4.27.4&#8243; _module_preset=&#8221;default&#8221; global_colors_info=&#8221;{}&#8221;][et_pb_column type=&#8221;4_4&#8243; _builder_version=&#8221;4.27.4&#8243; _module_preset=&#8221;default&#8221; global_colors_info=&#8221;{}&#8221;][et_pb_heading title=&#8221;\u00c9tape 3 \u2013 Compl\u00e9ter et personnaliser votre profil&#8221; _builder_version=&#8221;4.27.4&#8243; _module_preset=&#8221;default&#8221; title_level=&#8221;h3&#8243; title_text_align=&#8221;left&#8221; title_font_size=&#8221;22px&#8221; global_colors_info=&#8221;{}&#8221;][\/et_pb_heading][et_pb_text module_class=&#8221;custom-bullet&#8221; _builder_version=&#8221;4.27.4&#8243; _module_preset=&#8221;default&#8221; hover_enabled=&#8221;0&#8243; global_colors_info=&#8221;{}&#8221; sticky_enabled=&#8221;0&#8243;]<ol>\n<li>Une fois connect\u00e9(e), vous acc\u00e9dez \u00e0 votre profil personnel.<\/li>\n<li>Sous votre photo de profil, cliquez sur <strong><br \/>l\u2019ic\u00f4ne en forme d\u2019engrenage<\/strong>, puis choisissez \u00ab <strong>Modifier le profil<\/strong> \u00bb.<span><br \/><img decoding=\"async\" src=\"https:\/\/lepelerin.org\/portail\/wp-content\/uploads\/2025\/08\/tooltip-engrenage.png\" alt=\"Description de l'image\" style=\"max-width: 195px; border: 2px solid #000;\" \/><br \/><\/span><\/li>\n<li>Remplissez ou mettez \u00e0 jour les informations demand\u00e9es :\n<ul>\n<li><strong>Photo de profil<\/strong> (obligatoire) : format JPG ou PNG, largeur minimale 190 px (affichage carr\u00e9 190 x 190 px).<\/li>\n<li><strong>Image de couverture<\/strong> (optionnelle, recommand\u00e9e) : format JPG ou PNG, largeur minimale 900 px.<\/li>\n<li><strong>Biographie<\/strong> (optionnelle, fortement recommand\u00e9e) : maximum 2000 caract\u00e8res pour pr\u00e9senter votre exp\u00e9rience et votre expertise.<\/li>\n<li><strong>Vid\u00e9o de pr\u00e9sentation<\/strong> (optionnelle) : ajoutez un lien vers une vid\u00e9o h\u00e9berg\u00e9e sur YouTube ou Vimeo.<\/li>\n<li><strong>Disponible pour de nouveaux accompagnements<\/strong> ? S\u00e9lectionnez oui ou non. Votre profil sera encadr\u00e9 en vert (oui) ou en rouge (non) dans le bottin.<\/li>\n<\/ul>\n<\/li>\n<li>Cliquez sur \u00ab <strong>Mettre \u00e0 jour le profil<\/strong> \u00bb pour sauvegarder vos modifications.<\/li>\n<\/ol>[\/et_pb_text][\/et_pb_column][\/et_pb_row][et_pb_row _builder_version=&#8221;4.27.4&#8243; _module_preset=&#8221;default&#8221; global_colors_info=&#8221;{}&#8221;][et_pb_column type=&#8221;4_4&#8243; _builder_version=&#8221;4.27.4&#8243; _module_preset=&#8221;default&#8221; global_colors_info=&#8221;{}&#8221;][et_pb_heading title=&#8221;FAQ \u2013 Questions fr\u00e9quentes&#8221; _builder_version=&#8221;4.27.4&#8243; _module_preset=&#8221;default&#8221; title_level=&#8221;h3&#8243; title_text_align=&#8221;left&#8221; title_font_size=&#8221;22px&#8221; global_colors_info=&#8221;{}&#8221;][\/et_pb_heading][et_pb_text module_class=&#8221;custom-bullet&#8221; _builder_version=&#8221;4.27.4&#8243; _module_preset=&#8221;default&#8221; hover_enabled=&#8221;0&#8243; global_colors_info=&#8221;{}&#8221; sticky_enabled=&#8221;0&#8243;]<ul>\n<li><strong>Je n\u2019ai pas re\u00e7u le courriel de confirmation, que faire ?<\/strong><br \/>V\u00e9rifiez dans votre dossier spam. Si vous ne le trouvez pas, contactez le support via l\u2019adresse courriel indiqu\u00e9e sur le site.<\/li>\n<li><strong>Puis-je changer mon identifiant apr\u00e8s inscription ?<\/strong><br \/>Non, l\u2019identifiant est unique et ne peut pas \u00eatre modifi\u00e9. Vous pouvez cependant changer les autres informations dans votre profil.<\/li>\n<li><strong>Quel format et taille d\u2019image utiliser pour les photos ?<\/strong><br \/>Photo de profil : JPG ou PNG, minimum 190&#215;190 px au format carr\u00e9. Image de couverture : JPG ou PNG, minimum 900 px de largeur pour un bon affichage.<\/li>\n<li><strong>O\u00f9 puis-je trouver le lien pour modifier mon profil ?<\/strong><br \/>Apr\u00e8s connexion, sous votre photo de profil, cliquez sur l\u2019ic\u00f4ne en forme d\u2019engrenage, puis sur \u00ab Modifier le profil \u00bb.<\/li>\n<li><strong>Que signifie le cadre vert ou rouge autour du profil dans le bottin ?<\/strong><br \/>Vert signifie que vous \u00eates disponible pour de nouveaux accompagnements, rouge que vous ne l\u2019\u00eates pas.<\/li>\n<li><strong>Comment r\u00e9initialiser mon mot de passe si je l\u2019ai oubli\u00e9 ?<\/strong><br \/>Sur la page de connexion, cliquez sur \u00ab Mot de passe oubli\u00e9 ? \u00bb, entrez votre adresse e-mail, puis suivez les instructions re\u00e7ues par courriel.<\/li>\n<\/ul>[\/et_pb_text][\/et_pb_column][\/et_pb_row][et_pb_row _builder_version=&#8221;4.27.4&#8243; _module_preset=&#8221;default&#8221; global_colors_info=&#8221;{}&#8221;][et_pb_column type=&#8221;4_4&#8243; _builder_version=&#8221;4.27.4&#8243; _module_preset=&#8221;default&#8221; global_colors_info=&#8221;{}&#8221;][et_pb_heading title=&#8221;Astuces pour un profil r\u00e9ussi&#8221; _builder_version=&#8221;4.27.4&#8243; _module_preset=&#8221;default&#8221; title_level=&#8221;h3&#8243; title_text_align=&#8221;left&#8221; title_font_size=&#8221;22px&#8221; global_colors_info=&#8221;{}&#8221;][\/et_pb_heading][et_pb_text module_class=&#8221;custom-bullet&#8221; _builder_version=&#8221;4.27.4&#8243; _module_preset=&#8221;default&#8221; global_colors_info=&#8221;{}&#8221;]<ul>\n<li>Prenez soin de choisir une photo claire et professionnelle.<\/li>\n<li>L\u2019image de couverture personnalis\u00e9e aide \u00e0 mieux repr\u00e9senter votre univers.<\/li>\n<li>Compl\u00e9tez votre biographie avec des informations pertinentes pour vous d\u00e9marquer.<\/li>\n<li>Mettez r\u00e9guli\u00e8rement \u00e0 jour votre profil pour refl\u00e9ter votre disponibilit\u00e9 r\u00e9elle.<\/li>\n<\/ul>[\/et_pb_text][\/et_pb_column][\/et_pb_row][\/et_pb_section]\n","protected":false},"excerpt":{"rendered":"<p>Rendez-vous sur la page d\u2019inscription : https:\/\/lepelerin.org\/portail\/bottin-des-accompagnateurs\/inscription\/ Remplissez les champs demand\u00e9s : Identifiant (lettres et chiffres, sans espace) Pr\u00e9nom Nom Adresse courriel valide Mot de passe s\u00e9curis\u00e9 (au moins 8 [&hellip;]<\/p>\n","protected":false},"author":4,"featured_media":0,"parent":251876,"menu_order":0,"comment_status":"closed","ping_status":"closed","template":"","meta":{"_et_pb_use_builder":"on","_et_pb_old_content":"","_et_gb_content_width":"","footnotes":""},"class_list":["post-252057","page","type-page","status-publish","hentry"],"_links":{"self":[{"href":"https:\/\/lepelerin.org\/portail\/wp-json\/wp\/v2\/pages\/252057","targetHints":{"allow":["GET"]}}],"collection":[{"href":"https:\/\/lepelerin.org\/portail\/wp-json\/wp\/v2\/pages"}],"about":[{"href":"https:\/\/lepelerin.org\/portail\/wp-json\/wp\/v2\/types\/page"}],"author":[{"embeddable":true,"href":"https:\/\/lepelerin.org\/portail\/wp-json\/wp\/v2\/users\/4"}],"replies":[{"embeddable":true,"href":"https:\/\/lepelerin.org\/portail\/wp-json\/wp\/v2\/comments?post=252057"}],"version-history":[{"count":5,"href":"https:\/\/lepelerin.org\/portail\/wp-json\/wp\/v2\/pages\/252057\/revisions"}],"predecessor-version":[{"id":252066,"href":"https:\/\/lepelerin.org\/portail\/wp-json\/wp\/v2\/pages\/252057\/revisions\/252066"}],"up":[{"embeddable":true,"href":"https:\/\/lepelerin.org\/portail\/wp-json\/wp\/v2\/pages\/251876"}],"wp:attachment":[{"href":"https:\/\/lepelerin.org\/portail\/wp-json\/wp\/v2\/media?parent=252057"}],"curies":[{"name":"wp","href":"https:\/\/api.w.org\/{rel}","templated":true}]}}