{"id":251876,"date":"2025-07-28T10:57:32","date_gmt":"2025-07-28T14:57:32","guid":{"rendered":"https:\/\/lepelerin.org\/portail\/members\/"},"modified":"2025-07-29T13:37:31","modified_gmt":"2025-07-29T17:37:31","slug":"bottin-des-accompagnateurs","status":"publish","type":"page","link":"https:\/\/lepelerin.org\/portail\/bottin-des-accompagnateurs\/","title":{"rendered":"Bottin des accompagnateurs\u00b7trices"},"content":{"rendered":"\n<!-- TEMPLATE PERSONNALIS\u00c9 members-grid.php charg\u00e9 -->\n\n<script type=\"text\/template\" id=\"tmpl-um-member-grid-605d8\">\n<div class=\"um-members um-members-grid\">\n    <div class=\"um-gutter-sizer\"><\/div>\n\n    <# if ( data.length > 0 ) { #>\n    <# _.each( data, function( user, key, list ) { #>\n\n    <div id=\"um-member-{{{user.card_anchor}}}-605d8\"\n         class=\"um-member um-role-{{{user.role}}} {{{user.account_status}}} with-cover <# if ( typeof user.disponibilites_accueil !== 'undefined' && user.disponibilites_accueil.trim().toLowerCase() === 'oui' ) { #>dispo-oui<# } else { #>dispo-non<# } #> masonry-brick\">\n\n        <span class=\"um-member-status {{{user.account_status}}}\">\n            {{{user.account_status_name}}}\n        <\/span>\n\n                <div class=\"um-member-cover\" data-ratio=\"2.7:1\">\n            <div class=\"um-member-cover-e\">\n                <a href=\"{{{user.profile_url}}}\" title=\"<# if ( user.display_name ) { #>{{{user.display_name}}}<# } #>\">\n                    {{{user.cover_photo}}}\n                <\/a>\n            <\/div>\n        <\/div>\n        \n                <div class=\"um-member-photo radius-1\">\n            <a href=\"{{{user.profile_url}}}\" title=\"<# if ( user.display_name ) { #>{{{user.display_name}}}<# } #>\">\n                {{{user.avatar}}}\n                            <\/a>\n        <\/div>\n        \n\n        <div class=\"um-member-card  <# if ( typeof user.disponibilites_accueil !== 'undefined' && user.disponibilites_accueil.trim().toLowerCase() === 'oui' ) { #>dispo-oui<# } else { #>dispo-non<# } #>\">\n\n                            <# if ( user.display_name_html ) { #>\n                <div class=\"um-member-name\">\n                    <a href=\"{{{user.profile_url}}}\" title=\"{{{user.display_name}}}\">\n                        {{{user.display_name_html}}}\n                    <\/a>\n                <\/div>\n                <# } #>\n            \n                        {{{user.hook_just_after_name}}}\n\n\n            <# if ( user.can_edit ) { #>\n                <div class=\"um-members-edit-btn\">\n                    <a href=\"{{{user.edit_profile_url}}}\" class=\"um-edit-profile-btn um-button um-alt\">\n                        Modifier le profil                    <\/a>\n                <\/div>\n            <# } #>\n\n\n                        {{{user.hook_after_user_name}}}\n\n\n            \n                <# var $show_block = false; #>\n\n                                    <# if ( typeof user['type_accompagnement'] !== 'undefined' ) {\n                        $show_block = true;\n                    } #>\n                                    <# if ( typeof user['disponibilites_accueil'] !== 'undefined' ) {\n                        $show_block = true;\n                    } #>\n                \n                <# if ( $show_block ) { #>\n                    <div class=\"um-member-meta-main\">\n\n                        \n                        <div class=\"um-member-meta no-animate\">\n\n                            \n                                <# if ( typeof user['type_accompagnement'] !== 'undefined' ) { #>\n                                <div class=\"um-member-metaline um-member-metaline-type_accompagnement\">\n                                    <strong>{{{user['label_type_accompagnement']}}}:<\/strong> {{{user['type_accompagnement']}}}\n                                <\/div>\n                                <# } #>\n\n                            \n                                <# if ( typeof user['disponibilites_accueil'] !== 'undefined' ) { #>\n                                <div class=\"um-member-metaline um-member-metaline-disponibilites_accueil\">\n                                    <strong>{{{user['label_disponibilites_accueil']}}}:<\/strong> {{{user['disponibilites_accueil']}}}\n                                <\/div>\n                                <# } #>\n\n                                                    <\/div>\n\n                                            <\/div>\n                <# } #>\n            \n\n        <\/div>\n    <\/div>\n\n    <# }); #>\n    <# } else { #>\n\n    <div class=\"um-members-none\">\n        <p>D\u00e9sol\u00e9. Nous ne trouvons aucun utilisateur correspondant \u00e0 vos crit\u00e8res de recherche.<\/p>\n    <\/div>\n\n    <# } #>\n\n    <div class=\"um-clear\"><\/div>\n<\/div>\n<\/script>\n\n<script type=\"text\/template\" id=\"tmpl-um-members-header\">\n\t<div class=\"um-members-intro\">\n\t\t<div class=\"um-members-total\">\n\t\t\t<# if ( data.pagination.total_users == 1 ) { #>\n\t\t\t\t{{{data.pagination.header_single}}}\n\t\t\t<# } else if ( data.pagination.total_users > 1 ) { #>\n\t\t\t\t{{{data.pagination.header}}}\n\t\t\t<# } #>\n\t\t<\/div>\n\t<\/div>\n\n\t<div class=\"um-clear\"><\/div>\n<\/script>\n\n\n<script type=\"text\/template\" id=\"tmpl-um-members-pagination\">\n\t<# if ( data.pagination.pages_to_show.length > 0 ) { #>\n\t\t<div class=\"um-members-pagidrop uimob340-show uimob500-show\">\n\t\t\tAller \u00e0 la page\u00a0:\t\t\t<select class=\"um-s2 um-members-pagi-dropdown\" style=\"width: 100px;display:inline-block;\">\n\t\t\t\t<# _.each( data.pagination.pages_to_show, function( page, key, list ) { #>\n\t\t\t\t\t<option value=\"{{{page}}}\" <# if ( page == data.pagination.current_page ) { #>selected<# } #>>{{{page}}} sur {{{data.pagination.total_pages}}}<\/option>\n\t\t\t\t<# }); #>\n\t\t\t<\/select>\n\t\t<\/div>\n\n\t\t<div class=\"um-members-pagi uimob340-hide uimob500-hide\">\n\t\t\t<span class=\"pagi pagi-arrow <# if ( data.pagination.current_page == 1 ) { #>disabled<# } #>\" data-page=\"first\" aria-label=\"Premi\u00e8re page\"><i class=\"um-faicon-angle-double-left\"><\/i><\/span>\n\t\t\t<span class=\"pagi pagi-arrow <# if ( data.pagination.current_page == 1 ) { #>disabled<# } #>\" data-page=\"prev\" aria-label=\"Page pr\u00e9c\u00e9dente\"><i class=\"um-faicon-angle-left\"><\/i><\/span>\n\n\t\t\t<# _.each( data.pagination.pages_to_show, function( page, key, list ) { #>\n\t\t\t\t<span class=\"pagi <# if ( page == data.pagination.current_page ) { #>current<# } #>\" data-page=\"{{{page}}}\">{{{page}}}<\/span>\n\t\t\t<# }); #>\n\n\t\t\t<span class=\"pagi pagi-arrow <# if ( data.pagination.current_page == data.pagination.total_pages ) { #>disabled<# } #>\" data-page=\"next\" aria-label=\"Page suivante\"><i class=\"um-faicon-angle-right\"><\/i><\/span>\n\t\t\t<span class=\"pagi pagi-arrow <# if ( data.pagination.current_page == data.pagination.total_pages ) { #>disabled<# } #>\" data-page=\"last\" aria-label=\"Derni\u00e8re page\"><i class=\"um-faicon-angle-double-right\"><\/i><\/span>\n\t\t<\/div>\n\t<# } #>\n<\/script>\n\n<div class=\"um um-directory um-605d8\"\n\t data-hash=\"605d8\" data-base-post=\"251876\"\n\t data-must-search=\"0\" data-searched=\"1\"\n\t data-view_type=\"grid\" data-page=\"1\"\n\t data-sorting=\"\">\n\t<div class=\"um-members-overlay\"><div class=\"um-ajax-loading\"><\/div><\/div>\n\n\t<div class=\"um-member-directory-header um-form\">\n\n\t\t\n\t\t\n\n\t\t\t<\/div>\n\n\t<div class=\"um-members-wrapper\"><\/div>\n\n\t<div class=\"um-members-pagination-box\"><\/div>\n\n\t\n<\/div>\n\n","protected":false},"excerpt":{"rendered":"","protected":false},"author":2,"featured_media":0,"parent":0,"menu_order":0,"comment_status":"closed","ping_status":"closed","template":"","meta":{"_et_pb_use_builder":"","_et_pb_old_content":"","_et_gb_content_width":"1080","footnotes":""},"class_list":["post-251876","page","type-page","status-publish","hentry"],"_links":{"self":[{"href":"https:\/\/lepelerin.org\/portail\/wp-json\/wp\/v2\/pages\/251876","targetHints":{"allow":["GET"]}}],"collection":[{"href":"https:\/\/lepelerin.org\/portail\/wp-json\/wp\/v2\/pages"}],"about":[{"href":"https:\/\/lepelerin.org\/portail\/wp-json\/wp\/v2\/types\/page"}],"author":[{"embeddable":true,"href":"https:\/\/lepelerin.org\/portail\/wp-json\/wp\/v2\/users\/2"}],"replies":[{"embeddable":true,"href":"https:\/\/lepelerin.org\/portail\/wp-json\/wp\/v2\/comments?post=251876"}],"version-history":[{"count":7,"href":"https:\/\/lepelerin.org\/portail\/wp-json\/wp\/v2\/pages\/251876\/revisions"}],"predecessor-version":[{"id":251948,"href":"https:\/\/lepelerin.org\/portail\/wp-json\/wp\/v2\/pages\/251876\/revisions\/251948"}],"wp:attachment":[{"href":"https:\/\/lepelerin.org\/portail\/wp-json\/wp\/v2\/media?parent=251876"}],"curies":[{"name":"wp","href":"https:\/\/api.w.org\/{rel}","templated":true}]}}