{"id":251147,"date":"2025-04-30T11:52:09","date_gmt":"2025-04-30T15:52:09","guid":{"rendered":"https:\/\/dev.lepelerin.org\/portail\/?page_id=251147"},"modified":"2025-04-30T12:00:03","modified_gmt":"2025-04-30T16:00:03","slug":"chaire-privee-de-recherche","status":"publish","type":"page","link":"https:\/\/lepelerin.org\/portail\/chaire-privee-de-recherche\/","title":{"rendered":"Chaire priv\u00e9e de recherche"},"content":{"rendered":"<p>[et_pb_section fb_built=&#8221;1&#8243; _builder_version=&#8221;4.27.4&#8243; _module_preset=&#8221;default&#8221; background_color=&#8221;RGBA(255,255,255,0)&#8221; background_enable_image=&#8221;off&#8221; background_size=&#8221;contain&#8221; background_position=&#8221;top_center&#8221; custom_padding=&#8221;0px|||||&#8221; locked=&#8221;off&#8221; global_colors_info=&#8221;{}&#8221;][et_pb_row _builder_version=&#8221;4.27.4&#8243; _module_preset=&#8221;default&#8221; global_colors_info=&#8221;{}&#8221;][et_pb_column type=&#8221;4_4&#8243; _builder_version=&#8221;4.27.4&#8243; _module_preset=&#8221;default&#8221; global_colors_info=&#8221;{}&#8221;][et_pb_heading title=&#8221;Chaire priv\u00e9e de recherche&#8221; _builder_version=&#8221;4.27.4&#8243; _module_preset=&#8221;default&#8221; global_colors_info=&#8221;{}&#8221;][\/et_pb_heading][\/et_pb_column][\/et_pb_row][et_pb_row _builder_version=&#8221;4.27.4&#8243; _module_preset=&#8221;default&#8221; global_colors_info=&#8221;{}&#8221;][et_pb_column type=&#8221;4_4&#8243; _builder_version=&#8221;4.27.4&#8243; _module_preset=&#8221;default&#8221; global_colors_info=&#8221;{}&#8221;][et_pb_text module_class=&#8221;custom-bullet&#8221; _builder_version=&#8221;4.27.4&#8243; _module_preset=&#8221;default&#8221; custom_padding=&#8221;20px||||false|false&#8221; global_colors_info=&#8221;{}&#8221;]<\/p>\n<p>Le P\u00e8lerin, de par son nom m\u00eame, est un centre d\u2019accompagnement de la recherche spirituelle. De fait, il en va de l\u2019accompagnement m\u00eame que d\u2019\u00eatre en recherche, car l\u2019accompagnement est une marche, un devenir soi dans la relation avec notre fr\u00e8re ou notre s\u0153ur et avec Dieu. Cette marche se vit ensemble dans une continuelle recherche de vie, de v\u00e9rit\u00e9 et d\u2019amour ou de tout ce qui permet de donner sens, de trouver une voie de bonheur, de d\u00e9couvrir sa f\u00e9condit\u00e9, de se b\u00e2tir et de b\u00e2tir un monde nouveau.<\/p>\n<p>Cette dimension de la recherche depuis les d\u00e9buts a recouvert diff\u00e9rents \u00e9l\u00e9ments essentiels li\u00e9s \u00e0 la mission du P\u00e8lerin :<\/p>\n<ul>\n<li>l\u2019approfondissement d\u2019une anthropologie chr\u00e9tienne tenant compte de toutes les dimensions de la personne, corps, psych\u00e9 et c\u0153ur profond, afin de pouvoir contempler en l\u2019autre la beaut\u00e9, la grandeur et la dignit\u00e9 de son myst\u00e8re et de l\u2019accompagner dans la naissance \u00e0 qui il est comme don de Dieu unique pour le monde,<\/li>\n<li>la d\u00e9couverte de plus en plus profonde et juste de ce qu\u2019est la vie spirituelle dans ses diff\u00e9rents aspects afin de non seulement l\u2019accompagner mais, \u00e9galement, la nourrir,<\/li>\n<li>la r\u00e9flexion sur une th\u00e9rapeutique spirituelle d\u2019accompagnement qui comprend, \u00e0 la fois, la dimension de l\u2019alliance, la posture d\u2019\u00eatre, une m\u00e9thode et un processus, qui int\u00e8gre le psychologique et le spirituel et qui favorise une exp\u00e9rience r\u00e9elle personnelle de m\u00eame que l\u2019apprentissage d\u2019un minist\u00e8re ou d\u2019une pastorale d\u2019accompagnement,<\/li>\n<li>et l\u2019\u00e9tude de l\u2019accompagnement spirituel en fonction de diff\u00e9rentes client\u00e8les et de diff\u00e9rentes probl\u00e9matiques pour accro\u00eetre la pertinence et la qualit\u00e9 de nos interventions aupr\u00e8s des personnes qui nous sont confi\u00e9es.<\/li>\n<\/ul>\n<p><strong>\u00c0 noter<\/strong> que le terme th\u00e9rapeutique ne signifie pas que l\u2019intervention est psychologique (nous ne sommes pas des psychologues \u00e9tablissant des diagnostics et des plans d\u2019intervention), car notre intervention s\u2019articule \u00e0 partir de la dimension spirituelle -bien s\u00fbr, en tenant compte de la dimension psychologique, car nous sommes devant une personne humaine r\u00e9elle-.<\/p>\n<p>Le but de la chaire priv\u00e9e est donc d\u2019assurer la poursuite constante de cette recherche d\u00e9but\u00e9e d\u00e8s la fondation du centre en vue de d\u00e9velopper une intelligence toujours plus grande de l\u2019\u00eatre humain, de sa vie spirituelle et de son accompagnement.<\/p>\n<p>Au cours de ses 25 ans d&#8217;existence, le centre a mis en place une multitude de conf\u00e9rences et de colloques captivants, qui sont, d\u2019ailleurs, \u00e0 la disposition des personnes qui d\u00e9sirent les visionner<em>. <\/em>Nous pr\u00e9voyons maintenant nouer de nouvelles relations tant au niveau local qu&#8217;international, afin de continuer \u00e0 organiser des \u00e9v\u00e9nements afin de faire connaitre les richesses de la recherche visant l\u2019accompagnement spirituel et la spiritualit\u00e9.<\/p>\n<p>Dans le cadre de la chaire priv\u00e9e, nous d\u00e9sirons \u00e9galement publier des s\u00e9ries de m\u00e9ditations sur la Parole divine, des retraites de l&#8217;Avent et du Car\u00eame, ainsi que\u00a0 des livres et des manuels destin\u00e9s \u00e0 la formation en accompagnement spirituel.<\/p>\n<p>[\/et_pb_text][\/et_pb_column][\/et_pb_row][\/et_pb_section][et_pb_section fb_built=&#8221;1&#8243; _builder_version=&#8221;4.27.0&#8243; _module_preset=&#8221;default&#8221; min_height=&#8221;747.2px&#8221; custom_padding=&#8221;3px|||||&#8221; global_module=&#8221;250685&#8243; global_colors_info=&#8221;{}&#8221;][et_pb_row _builder_version=&#8221;4.27.0&#8243; _module_preset=&#8221;default&#8221; custom_padding=&#8221;45px|||||&#8221; global_colors_info=&#8221;{}&#8221;][et_pb_column type=&#8221;4_4&#8243; _builder_version=&#8221;4.27.0&#8243; _module_preset=&#8221;default&#8221; global_colors_info=&#8221;{}&#8221;][et_pb_heading title=&#8221;\u00c0 ne pas manquer&#8221; _builder_version=&#8221;4.27.0&#8243; _module_preset=&#8221;default&#8221; global_colors_info=&#8221;{}&#8221;][\/et_pb_heading][\/et_pb_column][\/et_pb_row][et_pb_row column_structure=&#8221;1_3,1_3,1_3&#8243; _builder_version=&#8221;4.27.0&#8243; _module_preset=&#8221;default&#8221; custom_padding=&#8221;||0px|||&#8221; global_colors_info=&#8221;{}&#8221;][et_pb_column type=&#8221;1_3&#8243; _builder_version=&#8221;4.27.0&#8243; _module_preset=&#8221;default&#8221; global_colors_info=&#8221;{}&#8221;][diec_event_carousel show_name=&#8221;off&#8221; show_category=&#8221;off&#8221; show_weburl=&#8221;off&#8221; show_detail=&#8221;off&#8221; show_data_one_line=&#8221;on&#8221; event_count=&#8221;1&#8243; columns=&#8221;1&#8243; image_align=&#8221;topimage_bottomdetail&#8221; event_inner_spacing=&#8221;6px||||false|false&#8221; align=&#8221;center&#8221; thumbnail_margin=&#8221;||10px||false|false&#8221; show_arrows=&#8221;off&#8221; show_control=&#8221;off&#8221; mouse_drag=&#8221;off&#8221; touch_drag=&#8221;off&#8221; arrows_custom_color=&#8221;#000000&#8243; dot_nav_custom_color=&#8221;#000000&#8243; dot_nav_active=&#8221;#000000&#8243; autoplay=&#8221;off&#8221; _builder_version=&#8221;4.27.4&#8243; _module_preset=&#8221;default&#8221; duration_font=&#8221;|600||on|||||&#8221; background_color=&#8221;#FFFFFF&#8221; height=&#8221;560px&#8221; border_radii_thumbnail_border=&#8221;off|10px|10px|0px|0px&#8221; border_width_all_thumbnail_border=&#8221;0px&#8221; border_radii_event_border=&#8221;off|17px|18px|0px|0px&#8221; border_width_all_event_border=&#8221;0px&#8221; box_shadow_style=&#8221;preset1&#8243; global_colors_info=&#8221;{}&#8221;][\/diec_event_carousel][et_pb_button button_url=&#8221;\/portail\/evenements\/&#8221; button_text=&#8221;TOUS LES \u00c9V\u00c9NEMENTS&#8221; button_alignment=&#8221;center&#8221; _builder_version=&#8221;4.27.4&#8243; _module_preset=&#8221;default&#8221; locked=&#8221;off&#8221; global_colors_info=&#8221;{}&#8221;][\/et_pb_button][\/et_pb_column][et_pb_column type=&#8221;1_3&#8243; _builder_version=&#8221;4.27.0&#8243; _module_preset=&#8221;default&#8221; global_colors_info=&#8221;{}&#8221;][et_pb_blog posts_number=&#8221;1&#8243; include_categories=&#8221;5&#8243; offset_number=&#8221;1&#8243; _builder_version=&#8221;4.27.4&#8243; _module_preset=&#8221;default&#8221; global_colors_info=&#8221;{}&#8221;][\/et_pb_blog][et_pb_button button_url=&#8221;\/portail\/nouvelles-du-pelerin\/&#8221; button_text=&#8221;TOUTES LES ACTUALIT\u00c9S&#8221; button_alignment=&#8221;center&#8221; _builder_version=&#8221;4.27.4&#8243; _module_preset=&#8221;default&#8221; locked=&#8221;off&#8221; global_colors_info=&#8221;{}&#8221;][\/et_pb_button][\/et_pb_column][et_pb_column type=&#8221;1_3&#8243; _builder_version=&#8221;4.27.0&#8243; _module_preset=&#8221;default&#8221; global_colors_info=&#8221;{}&#8221;][et_pb_blog posts_number=&#8221;1&#8243; include_categories=&#8221;6&#8243; _builder_version=&#8221;4.27.4&#8243; _module_preset=&#8221;default&#8221; global_colors_info=&#8221;{}&#8221;][\/et_pb_blog][et_pb_button button_url=&#8221;\/portail\/meditations-evangile-du-jour&#8221; button_text=&#8221;TOUTES LES M\u00c9DITATIONS&#8221; button_alignment=&#8221;center&#8221; _builder_version=&#8221;4.27.4&#8243; _module_preset=&#8221;default&#8221; locked=&#8221;off&#8221; global_colors_info=&#8221;{}&#8221;][\/et_pb_button][\/et_pb_column][\/et_pb_row][\/et_pb_section][et_pb_section fb_built=&#8221;1&#8243; _builder_version=&#8221;4.27.4&#8243; _module_preset=&#8221;default&#8221; use_background_color_gradient=&#8221;on&#8221; background_color_gradient_direction=&#8221;90deg&#8221; background_color_gradient_stops=&#8221;#73bdee 20%|#ffaa55 81%&#8221; custom_padding=&#8221;0px|||||&#8221; global_module=&#8221;250617&#8243; global_colors_info=&#8221;{}&#8221;][et_pb_row column_structure=&#8221;1_2,1_2&#8243; _builder_version=&#8221;4.27.4&#8243; _module_preset=&#8221;default&#8221; global_colors_info=&#8221;{}&#8221;][et_pb_column type=&#8221;1_2&#8243; _builder_version=&#8221;4.27.0&#8243; _module_preset=&#8221;default&#8221; global_colors_info=&#8221;{}&#8221;][et_pb_image src=&#8221;https:\/\/lepelerin.org\/portail\/wp-content\/uploads\/2025\/04\/BG-Fondation-Le-Pelerin.png&#8221; title_text=&#8221;BG-Fondation Le Pelerin&#8221; _builder_version=&#8221;4.27.4&#8243; _module_preset=&#8221;a8cdda58-12ba-40c7-ac69-001b7a520368&#8243; locked=&#8221;off&#8221; global_colors_info=&#8221;{}&#8221;][\/et_pb_image][\/et_pb_column][et_pb_column type=&#8221;1_2&#8243; _builder_version=&#8221;4.27.4&#8243; _module_preset=&#8221;default&#8221; custom_padding=&#8221;100px||||false|false&#8221; custom_padding_tablet=&#8221;0px||||false|false&#8221; custom_padding_phone=&#8221;0px||||false|false&#8221; custom_padding_last_edited=&#8221;on|desktop&#8221; global_colors_info=&#8221;{}&#8221; custom_padding__hover_enabled=&#8221;off|desktop&#8221;][et_pb_heading title=&#8221;La fondation&#8221; _builder_version=&#8221;4.27.4&#8243; _module_preset=&#8221;37aae277-c41d-4872-83a1-a4cada35d6d7&#8243; global_colors_info=&#8221;{}&#8221;][\/et_pb_heading][et_pb_text _builder_version=&#8221;4.27.4&#8243; _module_preset=&#8221;default&#8221; global_colors_info=&#8221;{}&#8221;]<\/p>\n<p>Aidez-nous par vos dons \u00e0 soutenir tous les humains en qu\u00eate et en souffrance, \u00e0 leur faire d\u00e9couvrir des chemins de Vie en creux des chemins de mort de ce monde, \u00e0 \u00e9tablir des relations transformantes, \u00e0 \u00eatre porteurs de lumi\u00e8re et d\u2019esp\u00e9rance\u2026<br \/>Aidez-nous par vos dons \u00e0 changer le monde un humain \u00e0 la fois\u2026<\/p>\n<p>[\/et_pb_text][et_pb_button button_url=&#8221;\/portail\/a-propos\/fondation-le-pelerin&#8221; button_text=&#8221;D\u00c9COUVRIR LA FONDATION&#8221; button_alignment=&#8221;left&#8221; _builder_version=&#8221;4.27.4&#8243; _module_preset=&#8221;08181441-1099-4174-9bab-bb352a06292d&#8221; locked=&#8221;off&#8221; global_colors_info=&#8221;{}&#8221; button_bg_color_gradient_stops__hover=&#8221;#e95365 1%|#ffaa55 100%&#8221; button_bg_use_color_gradient__hover=&#8221;on&#8221;][\/et_pb_button][et_pb_button button_url=&#8221;https:\/\/www.canadahelps.org\/fr\/dn\/16707&#8243; url_new_window=&#8221;on&#8221; button_text=&#8221;FAIRE UN DON&#8221; _builder_version=&#8221;4.27.4&#8243; _module_preset=&#8221;ce882953-52d4-4fc0-bb32-d17a65ebaa86&#8243; locked=&#8221;off&#8221; global_colors_info=&#8221;{}&#8221; button_bg_color__hover_enabled=&#8221;on|hover&#8221; button_bg_use_color_gradient__hover=&#8221;on&#8221; button_bg_color_gradient_stops__hover=&#8221;#e95365 0%|#ffaa55 100%&#8221;][\/et_pb_button][\/et_pb_column][\/et_pb_row][\/et_pb_section]<\/p>\n","protected":false},"excerpt":{"rendered":"<p>La Chaire priv\u00e9e du P\u00e8lerin soutient la recherche sur la vie spirituelle et l\u2019accompagnement \u00e0 partir d\u2019une anthropologie chr\u00e9tienne int\u00e9grale.<\/p>\n","protected":false},"author":2,"featured_media":0,"parent":0,"menu_order":0,"comment_status":"closed","ping_status":"closed","template":"","meta":{"_et_pb_use_builder":"on","_et_pb_old_content":"","_et_gb_content_width":"","footnotes":""},"class_list":["post-251147","page","type-page","status-publish","hentry"],"_links":{"self":[{"href":"https:\/\/lepelerin.org\/portail\/wp-json\/wp\/v2\/pages\/251147","targetHints":{"allow":["GET"]}}],"collection":[{"href":"https:\/\/lepelerin.org\/portail\/wp-json\/wp\/v2\/pages"}],"about":[{"href":"https:\/\/lepelerin.org\/portail\/wp-json\/wp\/v2\/types\/page"}],"author":[{"embeddable":true,"href":"https:\/\/lepelerin.org\/portail\/wp-json\/wp\/v2\/users\/2"}],"replies":[{"embeddable":true,"href":"https:\/\/lepelerin.org\/portail\/wp-json\/wp\/v2\/comments?post=251147"}],"version-history":[{"count":4,"href":"https:\/\/lepelerin.org\/portail\/wp-json\/wp\/v2\/pages\/251147\/revisions"}],"predecessor-version":[{"id":251152,"href":"https:\/\/lepelerin.org\/portail\/wp-json\/wp\/v2\/pages\/251147\/revisions\/251152"}],"wp:attachment":[{"href":"https:\/\/lepelerin.org\/portail\/wp-json\/wp\/v2\/media?parent=251147"}],"curies":[{"name":"wp","href":"https:\/\/api.w.org\/{rel}","templated":true}]}}