{"id":251134,"date":"2025-04-30T11:30:15","date_gmt":"2025-04-30T15:30:15","guid":{"rendered":"https:\/\/dev.lepelerin.org\/portail\/?page_id=251134"},"modified":"2025-04-30T11:33:50","modified_gmt":"2025-04-30T15:33:50","slug":"politique-de-confidentialite","status":"publish","type":"page","link":"https:\/\/lepelerin.org\/portail\/politique-de-confidentialite\/","title":{"rendered":"Politique de confidentialit\u00e9"},"content":{"rendered":"<p>[et_pb_section fb_built=&#8221;1&#8243; theme_builder_area=&#8221;post_content&#8221; _builder_version=&#8221;4.27.4&#8243; _module_preset=&#8221;default&#8221;][et_pb_row _builder_version=&#8221;4.27.4&#8243; _module_preset=&#8221;default&#8221; theme_builder_area=&#8221;post_content&#8221;][et_pb_column _builder_version=&#8221;4.27.4&#8243; _module_preset=&#8221;default&#8221; type=&#8221;4_4&#8243; theme_builder_area=&#8221;post_content&#8221;][et_pb_heading title=&#8221;Politique de confidentialit\u00e9&#8221; _builder_version=&#8221;4.27.4&#8243; _module_preset=&#8221;default&#8221; theme_builder_area=&#8221;post_content&#8221; title_level=&#8221;h1&#8243; title_text_align=&#8221;left&#8221; hover_enabled=&#8221;0&#8243; sticky_enabled=&#8221;0&#8243;][\/et_pb_heading][et_pb_text _builder_version=&#8221;4.27.4&#8243; _module_preset=&#8221;default&#8221; theme_builder_area=&#8221;post_content&#8221; hover_enabled=&#8221;0&#8243; sticky_enabled=&#8221;0&#8243;]<\/p>\n<p>PRI\u00c8RE DE LIRE LA POLITIQUE DE CONFIDENTIALIT\u00c9 AVANT D\u2019UTILISER LE SITE<\/p>\n<p>Cette politique s\u2019applique au site : lepelerin.org. Le respect de votre vie priv\u00e9e est de la plus haute importance pour le Centre le P\u00e8lerin.<\/p>\n<p>La pr\u00e9sente politique de confidentialit\u00e9 a pour but de vous exposer:<\/p>\n<ul>\n<li>La mani\u00e8re dont sont collect\u00e9s et trait\u00e9s vos renseignements personnels susceptibles de vous identifier.<\/li>\n<li>Quels sont vos droits concernant ces renseignements;<\/li>\n<li>Qui est responsable de la protection des renseignements personnels collect\u00e9s et trait\u00e9s;<\/li>\n<li>\u00c0 qui ces renseignements sont transmis;<\/li>\n<\/ul>\n<p>1. COLLECTE DE RENSEIGNEMENTS PERSONNELS<\/p>\n<p>Nous collectons les renseignements personnels suivants (donn\u00e9es personnelles) :<\/p>\n<p>Adresse courriel<br \/>Adresse IP<br \/>Donn\u00e9es de navigation ou de comportement en ligne.<br \/>Les renseignements personnels que nous collectons sont recueillis par l\u2019entremise des modes de collecte d\u00e9crits ci-bas.<\/p>\n<p>2. FORMULAIRES ET MODES DE COLLECTE<\/p>\n<p>Vos renseignements personnels sont collect\u00e9s par l\u2019entremise des m\u00e9thodes suivantes :<\/p>\n<p>Formulaire de contact<br \/>Seuls les renseignements personnels n\u00e9cessaires \u00e0 la bonne ex\u00e9cution des objectifs poursuivis par le site sont collect\u00e9s. Nous utilisons les renseignements ainsi collect\u00e9s pour les finalit\u00e9s suivantes :<\/p>\n<p>R\u00e9ponses aux demandes d\u2019informations<br \/>Gestion statistiques\/Analytics pour analyse de performance (anonyme)<br \/>Gestion du site Web<\/p>\n<p>3. FICHIERS JOURNAUX ET T\u00c9MOINS<\/p>\n<p>En vertu des modifications de la Loi sur la protection des renseignements personnels dans le secteur priv\u00e9 (Loi sur le priv\u00e9) de la Commission d\u2019acc\u00e8s \u00e0 l\u2019information du Qu\u00e9bec, pour l\u2019utilisation des fichiers t\u00e9moins impliquant la sauvegarde et l\u2019analyse de renseignements personnels, votre consentement est n\u00e9cessairement demand\u00e9.<\/p>\n<p>Nous recueillons certaines informations par le biais de fichiers journaux (\u00ablog files\u00bb) et de fichiers t\u00e9moins (\u00abcookies\u00bb), par nous-m\u00eames mais \u00e9galement ceux des tierces parties. Ces tierces parties recueillent des donn\u00e9es sur chaque site internet ayant un tel fichier t\u00e9moin install\u00e9 afin de nous fournir des donn\u00e9es contextuelles en mati\u00e8re d\u2019analytique, ou afin de nous permettre de vous cibler avec de la publicit\u00e9 pertinente.<\/p>\n<p>Ces fichiers nous permettent de traiter des statistiques et des informations sur le trafic, de faciliter la navigation et d\u2019am\u00e9liorer le service pour votre confort. Ces informations sont conserv\u00e9es et exploit\u00e9es \u00e0 des fins techniques et statistiques. Elles servent entre autres \u00e0 comptabiliser le nombre de visites, les pages les plus fr\u00e9quent\u00e9es, la technologie utilis\u00e9e par les visiteurs, les sites r\u00e9f\u00e9rents et le pays d\u2019origine des visiteurs.<\/p>\n<p>a) Description des fichiers t\u00e9moins utilis\u00e9s par le site et objectifs de collecte<\/p>\n<p>Il s\u2019agit principalement des informations suivantes :<\/p>\n<p>Essentiels: Les t\u00e9moins essentiels sont utilis\u00e9s pour assurer le fonctionnement de base de notre site web afin de vous garantir une exp\u00e9rience utilisateur fluide et s\u00e9curis\u00e9e. Ils sont essentiels pour vous permettre d\u2019acc\u00e9der aux fonctionnalit\u00e9s principales de notre site web. Il s\u2019agit principalement du type de Navigateur Web et du Syst\u00e8me d\u2019exploitation.<\/p>\n<p>Il vous est normalement possible de contr\u00f4ler l\u2019enregistrement des t\u00e9moins de navigation \u00e0 partir des options offertes par votre navigateur web. La d\u00e9sactivation de certains t\u00e9moins de connexion pourrait affecter la qualit\u00e9 de votre navigation ou rendre certaines fonctionnalit\u00e9s de notre site internet non disponibles.<\/p>\n<p>Vous pouvez g\u00e9rer vos pr\u00e9f\u00e9rences de t\u00e9moin de navigation via votre navigateur, en d\u00e9sinstallant et bloquant certains cookies.\u00a0 Vous pouvez retirer votre consentement sur l\u2019utilisation des t\u00e9moins de navigation \u00e0 tout moment en g\u00e9rant vos pr\u00e9f\u00e9rences. Certaines fonctionnalit\u00e9s peuvent n\u00e9cessiter des t\u00e9moins de navigation \u00e0 des fins de s\u00e9curit\u00e9.<\/p>\n<ul>\n<li>Google Chrome<\/li>\n<li>Firefox<\/li>\n<li>Safari<\/li>\n<li>Microsoft Edge<\/li>\n<li>Opera<\/li>\n<li>Brave<\/li>\n<\/ul>\n<p>Vous pouvez \u00e9galement installer une extension pour votre navigateur afin d\u2019emp\u00eacher l\u2019utilisation de fichiers t\u00e9moins afin de partager de l\u2019information avec Google Analytics. Pour plus d\u2019informations sur les pratiques de confidentialit\u00e9 de Google, veuillez consulter la page Google<span>\u00a0<\/span><a href=\"https:\/\/policies.google.com\/privacy?hl=fr-CA\" target=\"_blank\" rel=\"noopener\">Confidentialit\u00e9 &amp; Conditions.<\/a><\/p>\n<p>Analytiques: Les t\u00e9moins analytiques sont utilis\u00e9s pour collecter des donn\u00e9es anonymes sur l\u2019activit\u00e9 des utilisateurs sur notre site web, nous fournissant ainsi des informations pr\u00e9cieuses pour analyser et optimiser la performance du site web. Par exemple, nous utilisons les fichiers t\u00e9moins de Google Analytics pour obtenir de l\u2019information comme le nombre de visiteurs, leur provenance, les pages visit\u00e9es et le temps pass\u00e9 sur notre site web. Nous voyons uniquement les donn\u00e9es fournies par Google Analytics de fa\u00e7on agr\u00e9g\u00e9e.<\/p>\n<p>Performance: Nous utilisons des t\u00e9moins de performance Google Analytics (GA4). Ces t\u00e9moins de performance visent \u00e0 am\u00e9liorer l\u2019efficacit\u00e9 et la rapidit\u00e9 d\u2019un site web en stockant des informations temporaires sur l\u2019appareil de l\u2019utilisateur, ce qui permet d\u2019am\u00e9liorer le service, de personnaliser l\u2019exp\u00e9rience, d\u2019optimiser le chargement des pages et de r\u00e9duire la charge du serveur. Ils contribuent \u00e0 offrir aux utilisateurs une navigation plus fluide et une exp\u00e9rience utilisateur am\u00e9lior\u00e9e en minimisant les temps de chargement.<\/p>\n<p>Le site internet peut contenir des hyperliens vers des sites, services ou applications incluant des widgets de partage sur les r\u00e9seaux sociaux. Nous fournissons ces hyperliens par commodit\u00e9 et n\u2019avons donc aucun contr\u00f4le sur les pratiques en mati\u00e8re de vie priv\u00e9e et de confidentialit\u00e9 des sites tiers. Ainsi, tout renseignement personnel partag\u00e9 via ces sites n\u2019est pas couvert par la pr\u00e9sente politique de confidentialit\u00e9 mais est soumise \u00e0 leur propre politique de confidentialit\u00e9. Il est de votre responsabilit\u00e9 de prendre connaissance de ces politiques pour prot\u00e9ger vos renseignements personnels. Nous vous invitons \u00e0 consulter les politiques de confidentialit\u00e9 et les conditions g\u00e9n\u00e9rales d\u2019utilisation de ces sites.<\/p>\n<p>b) Opposition \u00e0 l\u2019utilisation de fichiers t\u00e9moins par le site<\/p>\n<p>Vous pouvez vous opposer \u00e0 l\u2019enregistrement de ces fichiers t\u00e9moins en configurant votre logiciel de navigation. Dans le cas o\u00f9 vous d\u00e9cidez de d\u00e9sactiver les fichiers t\u00e9moins, vous pourrez ensuite poursuivre votre navigation sur le site et dans ce cas pr\u00e9cis, nous ne r\u00e9colterons pas vos donn\u00e9es personnelles. Toutefois, tout dysfonctionnement du site provoqu\u00e9 par cette manipulation ne peut \u00eatre consid\u00e9r\u00e9 comme \u00e9tant de notre fait.<\/p>\n<p>4. PARTAGE DES RENSEIGNEMENTS PERSONNELS<\/p>\n<p>Nous nous engageons \u00e0 ne pas vendre \u00e0 des tiers ou g\u00e9n\u00e9ralement commercialiser les renseignements personnels collect\u00e9s. Cependant, il est possible que nous partagions ces informations avec des tiers pour les raisons suivantes :<\/p>\n<p>Membres du personnel et contractuels : Les renseignements personnels que nous collectons sont accessibles par certains employ\u00e9s et contractuels qui doivent y acc\u00e9der dans le cadre de l\u2019exercice de leurs fonctions et selon l\u2019utilisation pr\u00e9vue par la pr\u00e9sente politique. Ces individus sont li\u00e9s par la pr\u00e9sente politique et s\u2019engagent \u00e0 utiliser les renseignements personnels collect\u00e9s uniquement en conformit\u00e9 avec cette politique.<\/p>\n<p>Fournisseurs de services : Certains renseignements personnels sont \u00e9galement communiqu\u00e9s \u00e0 d\u2019autres personnes ou organisations qui sont des fournisseurs de services de notre organisation afin d\u2019ex\u00e9cuter des services tels des commandes ou des livraisons. Dans un tel cas, ces personnes ou organisations s\u2019engagent envers nous \u00e0 pr\u00e9server la confidentialit\u00e9 des renseignements personnels et \u00e0 les utiliser exclusivement afin de remplir leur mandat envers nous. \u00c0 titre d\u2019exemple, nous utilisons Google Analytics pour collecter des t\u00e9moins de navigation. M\u00eame si nous ne transmettons pas directement des renseignements personnels, il se pourrait qu\u2019ils aient acc\u00e8s \u00e0 vos renseignements personnels.<\/p>\n<p>Exigences l\u00e9gales : Nous pouvons \u00e9galement communiquer des renseignements personnels collect\u00e9s \u00e0 d\u2019autres personnes ou organisations si une autorit\u00e9 comp\u00e9tente nous ordonne de le faire en vertu du droit applicable ou si la loi applicable permet express\u00e9ment une telle communication, m\u00eame en l\u2019absence du consentement de la personne concern\u00e9e ou si nous estimons qu\u2019une telle communication est raisonnablement n\u00e9cessaire afin de prot\u00e9ger les droits, biens et s\u00e9curit\u00e9 des tiers ainsi que notre organisation.<\/p>\n<p>5. DUR\u00c9E DE CONSERVATION DES RENSEIGNEMENTS PERSONNELS<\/p>\n<p>Le responsable de la protection des renseignements personnels conservera dans les syst\u00e8mes informatiques du site et dans des conditions raisonnables de s\u00e9curit\u00e9 l\u2019ensemble des renseignements personnels collect\u00e9s jusqu\u2019\u00e0 ce que la finalit\u00e9 pour laquelle ils ont \u00e9t\u00e9 collect\u00e9s est accomplie. La dur\u00e9e de conservation des renseignements personnels peut toutefois \u00eatre prolong\u00e9e m\u00eame suite \u00e0 l\u2019atteinte des finalit\u00e9s notamment pour des raisons l\u00e9gales ou r\u00e9glementaires.<\/p>\n<p>6. H\u00c9BERGEMENT DES RENSEIGNEMENTS PERSONNELS<\/p>\n<p>Notre site est h\u00e9berg\u00e9 par : IONOS Inc., dont le si\u00e8ge est situ\u00e9 \u00e0 Philadelphie, Pennsylvanie. (<a href=\"https:\/\/www.ionos.com\/\" target=\"_blank\" rel=\"noopener\">https:\/\/www.hubelia.com\/accueil<\/a>).<\/p>\n<p>7. RESPONSABLE DE LA PROTECTION DES RENSEIGNEMENTS PERSONNELS (RPRP)<\/p>\n<p>a) Le responsable de la protection des renseignements personnels<\/p>\n<p>Le responsable de la protection des renseignements personnels s\u2019efforce d\u2019adopter des mesures physiques, administratives et organisationnelles raisonnables pour prot\u00e9ger les renseignements personnels. Il est charg\u00e9 de d\u00e9terminer les finalit\u00e9s et les moyens mis au service du traitement des renseignements personnels.<\/p>\n<p>Le responsable de la protection des renseignements personnels est :<\/p>\n<p>3774 Chem. Queen Mary, Montr\u00e9al, QC H3V 1A6<\/p>\n<p>St\u00e9fan Th\u00e9riault, directeur g\u00e9n\u00e9ral.<\/p>\n<p>Il peut \u00eatre contact\u00e9 par courriel stheriault@lepelerin.org<\/p>\n<p>b) Obligations du responsable de la protection des renseignements personnels<\/p>\n<p>Le responsable de la protection des renseignements personnels s\u2019engage \u00e0 prot\u00e9ger les renseignements personnels collect\u00e9s, \u00e0 ne pas les transmettre \u00e0 des tiers sans que vous n\u2019en ayez \u00e9t\u00e9 inform\u00e9(e) et \u00e0 respecter les finalit\u00e9s pour lesquelles ces renseignements ont \u00e9t\u00e9 collect\u00e9s.<\/p>\n<p>Le responsable sera charg\u00e9 de recevoir et d\u2019assurer le traitement des demandes d\u2019acc\u00e8s ou de rectification de renseignements personnels et informer les personnes concern\u00e9es de leur droit de faire retirer leur consentement. Lorsqu\u2019une personne retire son consentement, l\u2019entreprise ne peut plus utiliser ses renseignements personnels \u00e0 ces fins.<\/p>\n<p>De plus, le responsable de la protection des renseignements personnels s\u2019engage \u00e0 vous aviser en cas de rectification ou de suppression des renseignements personnels, \u00e0 moins que cela n\u2019entra\u00eene pour lui des formalit\u00e9s, co\u00fbts ou d\u00e9marches disproportionn\u00e9s.<\/p>\n<p>Dans le cas o\u00f9 l\u2019int\u00e9grit\u00e9, la confidentialit\u00e9 ou la s\u00e9curit\u00e9 de vos renseignements personnels est compromise, le responsable s\u2019engage \u00e0 vous en informer par tout moyen.<\/p>\n<p>En cas d\u2019incident de confidentialit\u00e9 impliquant un renseignement personnel, il doit notamment : Enregistrer les communications effectu\u00e9es \u00e0 toute personne ou \u00e0 tout organisme susceptible de diminuer le risque pour la personne concern\u00e9e, suivant l\u2019incident et prendre part \u00e0 l\u2019\u00e9valuation du pr\u00e9judice caus\u00e9 par l\u2019incident.<\/p>\n<p>Les renseignements personnels d\u2019une personne d\u00e9c\u00e9d\u00e9e pourront \u00eatre communiqu\u00e9s \u00e0 son conjoint ou \u00e0 l\u2019un de ses proches parents si le fait de conna\u00eetre ce renseignement est susceptible d\u2019aider cette personne dans son processus de deuil. Une restriction s\u2019appliquera, cependant, si une personne d\u00e9c\u00e9d\u00e9e a pr\u00e9alablement consign\u00e9, par \u00e9crit, son refus d\u2019accorder ce droit d\u2019acc\u00e8s.<\/p>\n<p>8. DROIT D\u2019ACC\u00c8S, DE RECTIFICATION, DE D\u00c9SINDEXATION, D\u2019OPPOSITION ET DE RETRAIT<\/p>\n<p>Vous avez des droits fondamentaux en ce qui concerne vos renseignements personnels.<\/p>\n<p>Selon les circonstances, vous pourriez b\u00e9n\u00e9ficier du droit d\u2019\u00eatre inform\u00e9 sur la collecte, l\u2019utilisation et la communication de vos renseignements personnels, d\u2019acc\u00e9der \u00e0 vos renseignements personnels, de les rectifier, de les effacer et d\u2019en obtenir une copie. Vous avez aussi le droit de retirer votre consentement au traitement de vos renseignements personnels.<\/p>\n<p>Afin de formuler une demande au sujet de vos renseignements personnels, vous devez suivre la proc\u00e9dure suivante : Merci de communiquer \u00e0 stheriault@lepelerin.org en stipulant votre nom, pr\u00e9nom et le nom du site et la raison de votre demande. Le responsable de la protection des renseignements personnels est tenu de vous r\u00e9pondre dans un d\u00e9lai de trente (30) jours maximum.<\/p>\n<p>9. DROITS ADDITIONNELS<\/p>\n<p>a) Droit \u00e0 la portabilit\u00e9 des renseignements personnels<\/p>\n<p>\u00c0 compter du 22 septembre 2024, l\u2019ajout d\u2019un nouvel alin\u00e9a \u00e0 l\u2019article 84 de la Loi sur l\u2019acc\u00e8s permettra \u00e0 toute personne d\u2019obtenir, dans un format technologique structur\u00e9 et couramment utilis\u00e9, un renseignement personnel informatis\u00e9 qu\u2019elle a fourni ou de demander que celui-ci soit transmis \u00e0 une autre personne ou \u00e0 un organisme dans ce m\u00eame format.<\/p>\n<p>10. S\u00c9CURIT\u00c9<\/p>\n<p>Les informations personnelles que nous collectons sont conserv\u00e9es dans un environnement s\u00e9curis\u00e9. Les personnes travaillant pour nous sont tenues de respecter la confidentialit\u00e9 de vos informations. Pour assurer la s\u00e9curit\u00e9 de vos informations personnelles, nous avons recours aux mesures suivantes :<\/p>\n<ul>\n<li>Connexion au panel d\u2019administration de l\u2019infrastructure uniquement via un VPN s\u00e9curis\u00e9<\/li>\n<li>Syst\u00e8mes de d\u00e9tection et pr\u00e9vention des intrusions (IDS\/IPS)Pare-Feu et reverse Proxy<\/li>\n<li>Mise \u00e0 jour r\u00e9guli\u00e8re de la version de WordPress et des plugins.<\/li>\n<li>reCAPTCHA par Google<\/li>\n<li>Mise \u00e0 jour r\u00e9guli\u00e8re WP-Extensions-Plugins<\/li>\n<li>Mise en place Protocole de reprise des activit\u00e9s (PRA)<\/li>\n<\/ul>\n<p>Nous nous engageons \u00e0 maintenir un haut degr\u00e9 de confidentialit\u00e9 en int\u00e9grant les derni\u00e8res innovations technologiques permettant d\u2019assurer la confidentialit\u00e9 de vos transactions. Toutefois, comme aucun m\u00e9canisme n\u2019offre une s\u00e9curit\u00e9 maximale, une part de risque est toujours pr\u00e9sente lorsqu\u2019on utilise Internet pour transmettre des informations personnelles.<\/p>\n<p>11. RENSEIGNEMENTS PERSONNELS DES PERSONNES MINEURES<\/p>\n<p>Conform\u00e9ment aux dispositions de l\u2019article 8 du r\u00e8glement 2016\/679, seuls les mineurs \u00e2g\u00e9s de 15 ans ou plus peuvent consentir au traitement de leurs renseignements personnels. Si vous \u00eates un mineur de moins de 14 ans, l\u2019accord d\u2019un repr\u00e9sentant l\u00e9gal sera requis afin que des renseignements personnels puissent \u00eatre collect\u00e9s et trait\u00e9s. Nous nous r\u00e9servons le droit de v\u00e9rifier par tout moyen que vous \u00eates \u00e2g\u00e9(e) de plus de 15 ans, ou que vous avez obtenu l\u2019accord d\u2019un repr\u00e9sentant l\u00e9gal avant de naviguer sur le site.<\/p>\n<p>12. CONDITIONS DE MODIFICATION DE LA POLITIQUE DE CONFIDENTIALIT\u00c9<\/p>\n<p>Nous nous r\u00e9servons le droit de modifier la pr\u00e9sente politique de confidentialit\u00e9 afin de garantir sa conformit\u00e9 avec le droit en vigueur. Par cons\u00e9quent, vous \u00eates invit\u00e9(e) \u00e0 venir consulter r\u00e9guli\u00e8rement cette politique de confidentialit\u00e9 afin de vous tenir inform\u00e9(e) des derniers changements qui lui seront apport\u00e9s.<\/p>\n<p>13. ACCEPTATION DE LA POLITIQUE DE CONFIDENTIALIT\u00c9<\/p>\n<p>En naviguant sur le site, vous attestez avoir lu et compris la pr\u00e9sente politique de confidentialit\u00e9 et en acceptez les conditions, en ce qui concerne plus particuli\u00e8rement la collecte et le traitement de vos renseignements personnels, ainsi que de l\u2019utilisation de fichiers t\u00e9moins.<\/p>\n<p>14. L\u00c9GISLATION<\/p>\n<p>Nous nous engageons \u00e0 respecter les dispositions l\u00e9gislatives \u00e9nonc\u00e9es dans :<\/p>\n<p>La Commission d\u2019acc\u00e8s \u00e0 l\u2019information du Qu\u00e9bec : Loi modernisant des dispositions l\u00e9gislatives en mati\u00e8re de protection des renseignements personnels dans le secteur priv\u00e9, aussi appel\u00e9e Loi 25. (https:\/\/www.cai.gouv.qc.ca\/entreprises\/).<\/p>\n<p>[\/et_pb_text][\/et_pb_column][\/et_pb_row][\/et_pb_section]<\/p>\n","protected":false},"excerpt":{"rendered":"<p>Veuillez lire la politique de confidentialit\u00e9 du Centre le P\u00e8lerin avant d&#8217;utiliser le site.<\/p>\n","protected":false},"author":2,"featured_media":0,"parent":0,"menu_order":0,"comment_status":"closed","ping_status":"closed","template":"","meta":{"_et_pb_use_builder":"on","_et_pb_old_content":"","_et_gb_content_width":"","footnotes":""},"class_list":["post-251134","page","type-page","status-publish","hentry"],"_links":{"self":[{"href":"https:\/\/lepelerin.org\/portail\/wp-json\/wp\/v2\/pages\/251134","targetHints":{"allow":["GET"]}}],"collection":[{"href":"https:\/\/lepelerin.org\/portail\/wp-json\/wp\/v2\/pages"}],"about":[{"href":"https:\/\/lepelerin.org\/portail\/wp-json\/wp\/v2\/types\/page"}],"author":[{"embeddable":true,"href":"https:\/\/lepelerin.org\/portail\/wp-json\/wp\/v2\/users\/2"}],"replies":[{"embeddable":true,"href":"https:\/\/lepelerin.org\/portail\/wp-json\/wp\/v2\/comments?post=251134"}],"version-history":[{"count":3,"href":"https:\/\/lepelerin.org\/portail\/wp-json\/wp\/v2\/pages\/251134\/revisions"}],"predecessor-version":[{"id":251138,"href":"https:\/\/lepelerin.org\/portail\/wp-json\/wp\/v2\/pages\/251134\/revisions\/251138"}],"wp:attachment":[{"href":"https:\/\/lepelerin.org\/portail\/wp-json\/wp\/v2\/media?parent=251134"}],"curies":[{"name":"wp","href":"https:\/\/api.w.org\/{rel}","templated":true}]}}