{"id":250770,"date":"2025-04-22T14:27:06","date_gmt":"2025-04-22T18:27:06","guid":{"rendered":"https:\/\/dev.lepelerin.org\/portail\/?page_id=250770"},"modified":"2025-04-29T15:59:43","modified_gmt":"2025-04-29T19:59:43","slug":"partenaires-et-collaborateurs","status":"publish","type":"page","link":"https:\/\/lepelerin.org\/portail\/a-propos\/partenaires-et-collaborateurs\/","title":{"rendered":"Partenaires et collaborateurs"},"content":{"rendered":"<p>[et_pb_section fb_built=&#8221;1&#8243; _builder_version=&#8221;4.27.4&#8243; _module_preset=&#8221;default&#8221; background_color=&#8221;#FFFFFF&#8221; global_colors_info=&#8221;{}&#8221;][et_pb_row _builder_version=&#8221;4.27.4&#8243; _module_preset=&#8221;default&#8221; global_colors_info=&#8221;{}&#8221;][et_pb_column type=&#8221;4_4&#8243; _builder_version=&#8221;4.27.4&#8243; _module_preset=&#8221;default&#8221; global_colors_info=&#8221;{}&#8221;][et_pb_heading title=&#8221;Les partenaires et les collaborateurs du P\u00e8lerin&#8221; _builder_version=&#8221;4.27.4&#8243; _module_preset=&#8221;default&#8221; global_colors_info=&#8221;{}&#8221;][\/et_pb_heading][et_pb_text _builder_version=&#8221;4.27.4&#8243; _module_preset=&#8221;default&#8221; locked=&#8221;off&#8221; global_colors_info=&#8221;{}&#8221;]<\/p>\n<p>Le P\u00e8lerin a le privil\u00e8ge de pouvoir compter sur un vaste r\u00e9seau de partenaires et de collaborateurs engag\u00e9s \u00e0 ses c\u00f4t\u00e9s. Que ce soit pour faire rayonner ses \u00c9coles et ses services, partager des lieux, contribuer \u00e0 la recherche ou enrichir sa mission, cette collaboration pr\u00e9cieuse soutient concr\u00e8tement notre action. Voici quelques-uns des organismes et personnes qui nous accompagnent fid\u00e8lement.<\/p>\n<p>[\/et_pb_text][\/et_pb_column][\/et_pb_row][et_pb_row _builder_version=&#8221;4.27.4&#8243; _module_preset=&#8221;default&#8221; global_colors_info=&#8221;{}&#8221;][et_pb_column type=&#8221;4_4&#8243; _builder_version=&#8221;4.27.4&#8243; _module_preset=&#8221;default&#8221; global_colors_info=&#8221;{}&#8221;][et_pb_heading title=&#8221;Partenaires de mission&#8221; _builder_version=&#8221;4.27.4&#8243; _module_preset=&#8221;37aae277-c41d-4872-83a1-a4cada35d6d7&#8243; global_colors_info=&#8221;{}&#8221;][\/et_pb_heading][\/et_pb_column][\/et_pb_row][et_pb_row column_structure=&#8221;1_3,2_3&#8243; _builder_version=&#8221;4.27.4&#8243; _module_preset=&#8221;default&#8221; global_colors_info=&#8221;{}&#8221;][et_pb_column type=&#8221;1_3&#8243; _builder_version=&#8221;4.27.4&#8243; _module_preset=&#8221;default&#8221; global_colors_info=&#8221;{}&#8221;][et_pb_image src=&#8221;https:\/\/lepelerin.org\/portail\/wp-content\/uploads\/2025\/04\/Oratoire-Saint-Josept-Mont-Royal.jpg&#8221; alt=&#8221;L&#8217;Oratoire Saint-Josept du Mont-Royal&#8221; title_text=&#8221;L&#8217;Oratoire Saint-Josept du Mont-Royal&#8221; url=&#8221;https:\/\/www.saint-joseph.org&#8221; url_new_window=&#8221;on&#8221; align=&#8221;center&#8221; _builder_version=&#8221;4.27.4&#8243; _module_preset=&#8221;default&#8221; max_height=&#8221;208px&#8221; global_colors_info=&#8221;{}&#8221;][\/et_pb_image][\/et_pb_column][et_pb_column type=&#8221;2_3&#8243; _builder_version=&#8221;4.27.4&#8243; _module_preset=&#8221;default&#8221; global_colors_info=&#8221;{}&#8221;][et_pb_text _builder_version=&#8221;4.27.4&#8243; _module_preset=&#8221;default&#8221; global_colors_info=&#8221;{}&#8221;]<\/p>\n<p><strong>L&#8217;Oratoire Saint-Josept du Mont-Royal<\/strong><\/p>\n<p>L&#8217;Oratoire Saint\u2010Joseph du Mont\u2010Royal, fond\u00e9 par saint fr\u00e8re Andr\u00e9, est un sanctuaire catholique d\u00e9di\u00e9 \u00e0 saint Joseph. Lieu d&#8217;expression de foi, de pri\u00e8re, de gu\u00e9rison et de paix, l&#8217;Oratoire accueille p\u00e8lerins et visiteurs dans un esprit d&#8217;ouverture et de compassion.<\/p>\n<p><a href=\"https:\/\/www.saint-joseph.org\/fr\/\" target=\"_blank\" rel=\"noopener\" title=\"L&#039;Oratoire Saint-Joseph du Mont-Royal\">https:\/\/www.saint-joseph.org<\/a><\/p>\n<p>[\/et_pb_text][\/et_pb_column][\/et_pb_row][et_pb_row column_structure=&#8221;1_3,2_3&#8243; _builder_version=&#8221;4.27.4&#8243; _module_preset=&#8221;default&#8221; global_colors_info=&#8221;{}&#8221;][et_pb_column type=&#8221;1_3&#8243; _builder_version=&#8221;4.27.4&#8243; _module_preset=&#8221;default&#8221; global_colors_info=&#8221;{}&#8221;][et_pb_image src=&#8221;https:\/\/lepelerin.org\/portail\/wp-content\/uploads\/2025\/04\/Sainte-Croix-Canada.jpeg&#8221; alt=&#8221;Congr\u00e9gation de Sainte-Croix&#8221; title_text=&#8221;Congr\u00e9gation de Sainte-Croix&#8221; url=&#8221;https:\/\/ste-croix.qc.ca&#8221; url_new_window=&#8221;on&#8221; align=&#8221;center&#8221; _builder_version=&#8221;4.27.4&#8243; _module_preset=&#8221;default&#8221; module_alignment=&#8221;center&#8221; max_height=&#8221;175px&#8221; global_colors_info=&#8221;{}&#8221;][\/et_pb_image][\/et_pb_column][et_pb_column type=&#8221;2_3&#8243; _builder_version=&#8221;4.27.4&#8243; _module_preset=&#8221;default&#8221; global_colors_info=&#8221;{}&#8221;][et_pb_text _builder_version=&#8221;4.27.4&#8243; _module_preset=&#8221;default&#8221; global_colors_info=&#8221;{}&#8221;]<\/p>\n<p><strong>Congr\u00e9gation de Sainte-Croix<\/strong><\/p>\n<p>Fond\u00e9e au Mans, en France, en 1837, par le Bienheureux Basile Moreau, le P\u00e8lerin est une oeuvre de la Congr\u00e9gation de Sainte-Croix.<\/p>\n<p><a href=\"https:\/\/ste-croix.qc.ca\/\" target=\"_blank\" rel=\"noopener\" title=\"Congr\u00e9gation de Sainte-Croix\">https:\/\/ste-croix.qc.ca<\/a><\/p>\n<p>[\/et_pb_text][\/et_pb_column][\/et_pb_row][et_pb_row _builder_version=&#8221;4.27.4&#8243; _module_preset=&#8221;default&#8221; global_colors_info=&#8221;{}&#8221;][et_pb_column type=&#8221;4_4&#8243; _builder_version=&#8221;4.27.4&#8243; _module_preset=&#8221;default&#8221; global_colors_info=&#8221;{}&#8221;][et_pb_heading title=&#8221;Partenaires m\u00e9dia&#8221; _builder_version=&#8221;4.27.4&#8243; _module_preset=&#8221;37aae277-c41d-4872-83a1-a4cada35d6d7&#8243; global_colors_info=&#8221;{}&#8221;][\/et_pb_heading][\/et_pb_column][\/et_pb_row][et_pb_row column_structure=&#8221;1_3,2_3&#8243; _builder_version=&#8221;4.27.4&#8243; _module_preset=&#8221;default&#8221; global_colors_info=&#8221;{}&#8221;][et_pb_column type=&#8221;1_3&#8243; _builder_version=&#8221;4.27.4&#8243; _module_preset=&#8221;default&#8221; global_colors_info=&#8221;{}&#8221;][et_pb_image src=&#8221;https:\/\/lepelerin.org\/portail\/wp-content\/uploads\/2025\/04\/Ameco.png&#8221; alt=&#8221;AM\u00e9CO &#8211; L&#8217;association des m\u00e9dias catholiques et oecum\u00e9niques&#8221; title_text=&#8221;AM\u00e9CO &#8211; L&#8217;association des m\u00e9dias catholiques et oecum\u00e9niques&#8221; url=&#8221;https:\/\/ameco-medias.ca&#8221; url_new_window=&#8221;on&#8221; _builder_version=&#8221;4.27.4&#8243; _module_preset=&#8221;default&#8221; global_colors_info=&#8221;{}&#8221;][\/et_pb_image][\/et_pb_column][et_pb_column type=&#8221;2_3&#8243; _builder_version=&#8221;4.27.4&#8243; _module_preset=&#8221;default&#8221; global_colors_info=&#8221;{}&#8221;][et_pb_text _builder_version=&#8221;4.27.4&#8243; _module_preset=&#8221;default&#8221; global_colors_info=&#8221;{}&#8221;]<\/p>\n<p><strong>L&#8217;association des m\u00e9dias catholiques et oecum\u00e9niques<\/strong><\/p>\n<p>L\u2019AM\u00e9CO (Association des m\u00e9dias catholiques et \u0153cum\u00e9niques) rassemble des professionnels des communications au service de la foi et de l\u2019engagement social.\u00a0<\/p>\n<p><a href=\"https:\/\/ameco-medias.ca\/\" target=\"_blank\" rel=\"noopener\" title=\"AM\u00e9CO - L&#039;association des m\u00e9dias catholiques et oecum\u00e9niques\">https:\/\/ameco-medias.ca<\/a><\/p>\n<p>[\/et_pb_text][\/et_pb_column][\/et_pb_row][et_pb_row column_structure=&#8221;1_3,2_3&#8243; _builder_version=&#8221;4.27.4&#8243; _module_preset=&#8221;default&#8221; global_colors_info=&#8221;{}&#8221;][et_pb_column type=&#8221;1_3&#8243; _builder_version=&#8221;4.27.4&#8243; _module_preset=&#8221;default&#8221; global_colors_info=&#8221;{}&#8221;][et_pb_image src=&#8221;https:\/\/lepelerin.org\/portail\/wp-content\/uploads\/2025\/04\/Logo-Novalis-horizontal_RGB.png&#8221; alt=&#8221;Novalis&#8221; title_text=&#8221;Novalis&#8221; url=&#8221;https:\/\/fr.novalis.ca&#8221; url_new_window=&#8221;on&#8221; _builder_version=&#8221;4.27.4&#8243; _module_preset=&#8221;default&#8221; global_colors_info=&#8221;{}&#8221;][\/et_pb_image][\/et_pb_column][et_pb_column type=&#8221;2_3&#8243; _builder_version=&#8221;4.27.4&#8243; _module_preset=&#8221;default&#8221; global_colors_info=&#8221;{}&#8221;][et_pb_text _builder_version=&#8221;4.27.4&#8243; _module_preset=&#8221;default&#8221; global_colors_info=&#8221;{}&#8221;]<\/p>\n<p><strong>Novalis<\/strong><\/p>\n<p>Novalis est le plus important \u00e9diteur religieux du Canada. Novalis veut exprimer la foi chr\u00e9tienne au sein de la culture contemporaine.<\/p>\n<p><a href=\"https:\/\/fr.novalis.ca\/\" target=\"_blank\" rel=\"noopener\" title=\"Novalis\">https:\/\/fr.novalis.ca<\/a><\/p>\n<p>[\/et_pb_text][\/et_pb_column][\/et_pb_row][et_pb_row column_structure=&#8221;1_3,2_3&#8243; _builder_version=&#8221;4.27.4&#8243; _module_preset=&#8221;default&#8221; global_colors_info=&#8221;{}&#8221;][et_pb_column type=&#8221;1_3&#8243; _builder_version=&#8221;4.27.4&#8243; _module_preset=&#8221;default&#8221; global_colors_info=&#8221;{}&#8221;][et_pb_image src=&#8221;https:\/\/lepelerin.org\/portail\/wp-content\/uploads\/2025\/04\/logo_rvm_share.png&#8221; alt=&#8221;Radio VM&#8221; title_text=&#8221;Radio VM&#8221; url=&#8221;https:\/\/www.radiovm.com\/&#8221; url_new_window=&#8221;on&#8221; align=&#8221;center&#8221; _builder_version=&#8221;4.27.4&#8243; _module_preset=&#8221;default&#8221; module_alignment=&#8221;center&#8221; max_height=&#8221;175px&#8221; global_colors_info=&#8221;{}&#8221;][\/et_pb_image][\/et_pb_column][et_pb_column type=&#8221;2_3&#8243; _builder_version=&#8221;4.27.4&#8243; _module_preset=&#8221;default&#8221; global_colors_info=&#8221;{}&#8221;][et_pb_text _builder_version=&#8221;4.27.4&#8243; _module_preset=&#8221;default&#8221; global_colors_info=&#8221;{}&#8221;]<\/p>\n<p><strong>Radio VM<\/strong><\/p>\n<p>Radio VM est une radio francophone au Qu\u00e9bec proposant programmation, podcasts sur les questions humaines, sociales, culturelles et spirituelles.<\/p>\n<p><a href=\"https:\/\/www.radiovm.com\/\" target=\"_blank\" rel=\"noopener\" title=\"Radio VM\">https:\/\/www.radiovm.com<\/a><\/p>\n<p>[\/et_pb_text][\/et_pb_column][\/et_pb_row][et_pb_row column_structure=&#8221;1_3,2_3&#8243; _builder_version=&#8221;4.27.4&#8243; _module_preset=&#8221;default&#8221; global_colors_info=&#8221;{}&#8221;][et_pb_column type=&#8221;1_3&#8243; _builder_version=&#8221;4.27.4&#8243; _module_preset=&#8221;default&#8221; global_colors_info=&#8221;{}&#8221;][et_pb_image src=&#8221;https:\/\/lepelerin.org\/portail\/wp-content\/uploads\/2025\/04\/Logos-Spiritours-FR-principal.jpg&#8221; alt=&#8221;Spiritours&#8221; title_text=&#8221;Spiritours&#8221; url=&#8221;https:\/\/spiritours.com\/&#8221; url_new_window=&#8221;on&#8221; _builder_version=&#8221;4.27.4&#8243; _module_preset=&#8221;default&#8221; global_colors_info=&#8221;{}&#8221;][\/et_pb_image][\/et_pb_column][et_pb_column type=&#8221;2_3&#8243; _builder_version=&#8221;4.27.4&#8243; _module_preset=&#8221;default&#8221; global_colors_info=&#8221;{}&#8221;][et_pb_text _builder_version=&#8221;4.27.4&#8243; _module_preset=&#8221;default&#8221; global_colors_info=&#8221;{}&#8221;]<\/p>\n<p><strong>Spiritours<\/strong><\/p>\n<p>Spiritours est un voyagiste sp\u00e9cialis\u00e9 dans l\u2019organisation de voyages de ressourcement et p\u00e8lerinages dans un souci de tourisme responsable et solidaire.<\/p>\n<p><a href=\"https:\/\/spiritours.com\/\" target=\"_blank\" rel=\"noopener\" title=\"Spiritours\">https:\/\/spiritours.com<\/a><\/p>\n<p>[\/et_pb_text][\/et_pb_column][\/et_pb_row][\/et_pb_section][et_pb_section fb_built=&#8221;1&#8243; _builder_version=&#8221;4.27.0&#8243; _module_preset=&#8221;default&#8221; min_height=&#8221;747.2px&#8221; custom_padding=&#8221;3px|||||&#8221; global_module=&#8221;250685&#8243; saved_tabs=&#8221;all&#8221; global_colors_info=&#8221;{}&#8221;][et_pb_row _builder_version=&#8221;4.27.0&#8243; _module_preset=&#8221;default&#8221; custom_padding=&#8221;45px|||||&#8221; global_colors_info=&#8221;{}&#8221;][et_pb_column type=&#8221;4_4&#8243; _builder_version=&#8221;4.27.0&#8243; _module_preset=&#8221;default&#8221; global_colors_info=&#8221;{}&#8221;][et_pb_heading title=&#8221;\u00c0 ne pas manquer&#8221; _builder_version=&#8221;4.27.0&#8243; _module_preset=&#8221;default&#8221; global_colors_info=&#8221;{}&#8221;][\/et_pb_heading][\/et_pb_column][\/et_pb_row][et_pb_row column_structure=&#8221;1_3,1_3,1_3&#8243; _builder_version=&#8221;4.27.0&#8243; _module_preset=&#8221;default&#8221; custom_padding=&#8221;||0px|||&#8221; global_colors_info=&#8221;{}&#8221;][et_pb_column type=&#8221;1_3&#8243; _builder_version=&#8221;4.27.0&#8243; _module_preset=&#8221;default&#8221; global_colors_info=&#8221;{}&#8221;][diec_event_carousel show_name=&#8221;off&#8221; show_category=&#8221;off&#8221; show_weburl=&#8221;off&#8221; show_detail=&#8221;off&#8221; show_data_one_line=&#8221;on&#8221; event_count=&#8221;1&#8243; columns=&#8221;1&#8243; image_align=&#8221;topimage_bottomdetail&#8221; event_inner_spacing=&#8221;6px||||false|false&#8221; align=&#8221;center&#8221; thumbnail_margin=&#8221;||10px||false|false&#8221; show_arrows=&#8221;off&#8221; show_control=&#8221;off&#8221; mouse_drag=&#8221;off&#8221; touch_drag=&#8221;off&#8221; arrows_custom_color=&#8221;#000000&#8243; dot_nav_custom_color=&#8221;#000000&#8243; dot_nav_active=&#8221;#000000&#8243; autoplay=&#8221;off&#8221; _builder_version=&#8221;4.27.4&#8243; _module_preset=&#8221;default&#8221; duration_font=&#8221;|600||on|||||&#8221; background_color=&#8221;#FFFFFF&#8221; height=&#8221;560px&#8221; border_radii_thumbnail_border=&#8221;off|10px|10px|0px|0px&#8221; border_width_all_thumbnail_border=&#8221;0px&#8221; border_radii_event_border=&#8221;off|17px|18px|0px|0px&#8221; border_width_all_event_border=&#8221;0px&#8221; box_shadow_style=&#8221;preset1&#8243; global_colors_info=&#8221;{}&#8221;][\/diec_event_carousel][et_pb_button button_url=&#8221;\/portail\/evenements\/&#8221; button_text=&#8221;TOUS LES \u00c9V\u00c9NEMENTS&#8221; button_alignment=&#8221;center&#8221; _builder_version=&#8221;4.27.4&#8243; _module_preset=&#8221;default&#8221; locked=&#8221;off&#8221; global_colors_info=&#8221;{}&#8221;][\/et_pb_button][\/et_pb_column][et_pb_column type=&#8221;1_3&#8243; _builder_version=&#8221;4.27.0&#8243; _module_preset=&#8221;default&#8221; global_colors_info=&#8221;{}&#8221;][et_pb_blog posts_number=&#8221;1&#8243; include_categories=&#8221;5&#8243; offset_number=&#8221;1&#8243; _builder_version=&#8221;4.27.4&#8243; _module_preset=&#8221;default&#8221; global_colors_info=&#8221;{}&#8221;][\/et_pb_blog][et_pb_button button_url=&#8221;\/portail\/nouvelles-du-pelerin\/&#8221; button_text=&#8221;TOUTES LES ACTUALIT\u00c9S&#8221; button_alignment=&#8221;center&#8221; _builder_version=&#8221;4.27.4&#8243; _module_preset=&#8221;default&#8221; locked=&#8221;off&#8221; global_colors_info=&#8221;{}&#8221;][\/et_pb_button][\/et_pb_column][et_pb_column type=&#8221;1_3&#8243; _builder_version=&#8221;4.27.0&#8243; _module_preset=&#8221;default&#8221; global_colors_info=&#8221;{}&#8221;][et_pb_blog posts_number=&#8221;1&#8243; include_categories=&#8221;6&#8243; _builder_version=&#8221;4.27.4&#8243; _module_preset=&#8221;default&#8221; global_colors_info=&#8221;{}&#8221;][\/et_pb_blog][et_pb_button button_url=&#8221;\/portail\/meditations-evangile-du-jour&#8221; button_text=&#8221;TOUTES LES M\u00c9DITATIONS&#8221; button_alignment=&#8221;center&#8221; _builder_version=&#8221;4.27.4&#8243; _module_preset=&#8221;default&#8221; locked=&#8221;off&#8221; global_colors_info=&#8221;{}&#8221;][\/et_pb_button][\/et_pb_column][\/et_pb_row][\/et_pb_section]<\/p>\n","protected":false},"excerpt":{"rendered":"<p>D\u00e9couvrez les partenaires de mission et les collaborateurs m\u00e9dias qui soutiennent le Centre Le P\u00e8lerin. Ensemble, nous faisons rayonner une mission d&#8217;accompagnement spirituel et de transformation int\u00e9rieure.<\/p>\n","protected":false},"author":2,"featured_media":0,"parent":250546,"menu_order":0,"comment_status":"closed","ping_status":"closed","template":"","meta":{"_et_pb_use_builder":"on","_et_pb_old_content":"","_et_gb_content_width":"","footnotes":""},"class_list":["post-250770","page","type-page","status-publish","hentry"],"_links":{"self":[{"href":"https:\/\/lepelerin.org\/portail\/wp-json\/wp\/v2\/pages\/250770","targetHints":{"allow":["GET"]}}],"collection":[{"href":"https:\/\/lepelerin.org\/portail\/wp-json\/wp\/v2\/pages"}],"about":[{"href":"https:\/\/lepelerin.org\/portail\/wp-json\/wp\/v2\/types\/page"}],"author":[{"embeddable":true,"href":"https:\/\/lepelerin.org\/portail\/wp-json\/wp\/v2\/users\/2"}],"replies":[{"embeddable":true,"href":"https:\/\/lepelerin.org\/portail\/wp-json\/wp\/v2\/comments?post=250770"}],"version-history":[{"count":9,"href":"https:\/\/lepelerin.org\/portail\/wp-json\/wp\/v2\/pages\/250770\/revisions"}],"predecessor-version":[{"id":251091,"href":"https:\/\/lepelerin.org\/portail\/wp-json\/wp\/v2\/pages\/250770\/revisions\/251091"}],"up":[{"embeddable":true,"href":"https:\/\/lepelerin.org\/portail\/wp-json\/wp\/v2\/pages\/250546"}],"wp:attachment":[{"href":"https:\/\/lepelerin.org\/portail\/wp-json\/wp\/v2\/media?parent=250770"}],"curies":[{"name":"wp","href":"https:\/\/api.w.org\/{rel}","templated":true}]}}