{"id":250295,"date":"2025-04-03T11:03:19","date_gmt":"2025-04-03T15:03:19","guid":{"rendered":"https:\/\/dev.lepelerin.org\/portail\/?page_id=250295"},"modified":"2025-11-25T15:27:42","modified_gmt":"2025-11-25T20:27:42","slug":"fondation-le-pelerin","status":"publish","type":"page","link":"https:\/\/lepelerin.org\/portail\/a-propos\/fondation-le-pelerin\/","title":{"rendered":"Fondation Le P\u00e8lerin"},"content":{"rendered":"<p>[et_pb_section fb_built=&#8221;1&#8243; custom_padding_last_edited=&#8221;on|desktop&#8221; _builder_version=&#8221;4.27.4&#8243; _module_preset=&#8221;default&#8221; background_image=&#8221;https:\/\/lepelerin.org\/portail\/wp-content\/uploads\/2025\/04\/Header-fondation.png&#8221; background_size=&#8221;initial&#8221; background_position=&#8221;top_center&#8221; background_vertical_offset=&#8221;5%&#8221; custom_margin=&#8221;60px||||false|false&#8221; custom_padding=&#8221;296px|||||&#8221; custom_padding_tablet=&#8221;0px||||false|false&#8221; custom_padding_phone=&#8221;0px||||false|false&#8221; background_last_edited=&#8221;on|phone&#8221; background_enable_image_tablet=&#8221;off&#8221; global_colors_info=&#8221;{}&#8221;][et_pb_row _builder_version=&#8221;4.27.4&#8243; _module_preset=&#8221;default&#8221; global_colors_info=&#8221;{}&#8221;][et_pb_column type=&#8221;4_4&#8243; _builder_version=&#8221;4.27.4&#8243; _module_preset=&#8221;default&#8221; global_colors_info=&#8221;{}&#8221;][et_pb_heading title=&#8221;Fondation Le P\u00e8lerin&#8221; _builder_version=&#8221;4.27.4&#8243; _module_preset=&#8221;default&#8221; max_width=&#8221;52%&#8221; max_width_tablet=&#8221;52%&#8221; max_width_phone=&#8221;100%&#8221; max_width_last_edited=&#8221;on|phone&#8221; module_alignment=&#8221;center&#8221; custom_margin=&#8221;||0px|||&#8221; background_last_edited=&#8221;on|desktop&#8221; global_colors_info=&#8221;{}&#8221;][\/et_pb_heading][et_pb_heading title=&#8221;Soutenez l\u2019humain, ouvrez des chemins de Vie&#8221; _builder_version=&#8221;4.27.4&#8243; _module_preset=&#8221;37aae277-c41d-4872-83a1-a4cada35d6d7&#8243; title_level=&#8221;h4&#8243; title_text_align=&#8221;center&#8221; title_font_size=&#8221;22px&#8221; global_colors_info=&#8221;{}&#8221;][\/et_pb_heading][et_pb_video src=&#8221;https:\/\/youtu.be\/2rjk31qpXtI&#8221; play_icon_color=&#8221;RGBA(255,255,255,0)&#8221; _builder_version=&#8221;4.27.4&#8243; _module_preset=&#8221;default&#8221; width=&#8221;50%&#8221; module_alignment=&#8221;center&#8221; global_colors_info=&#8221;{}&#8221;][\/et_pb_video][et_pb_video _builder_version=&#8221;4.27.4&#8243; _module_preset=&#8221;default&#8221; global_colors_info=&#8221;{}&#8221;][\/et_pb_video][et_pb_text _builder_version=&#8221;4.27.4&#8243; _module_preset=&#8221;default&#8221; text_orientation=&#8221;center&#8221; global_colors_info=&#8221;{}&#8221;]<\/p>\n<p>Notre fondation, comme toutes les autres, cherche \u00e0 obtenir des fonds pour les op\u00e9rations du P\u00e8lerin. Elle n\u2019a rien d\u2019original \u00e0 cet \u00e9gard. Mais c\u2019est sa mission qui lui donne toute son importance. Nous sommes l\u00e0, dans ce monde d\u00e9chir\u00e9, sans rep\u00e8res, violent et en recherche de profits, pour \u00e9tablir les r\u00e9elles fondations d\u2019un monde nouveau. Ces fondations sont chaque \u00eatre humain, porteur d\u2019une dignit\u00e9, d\u2019une grandeur et d\u2019une beaut\u00e9 uniques. Si chaque personne d\u00e9couvrait le don unique de Vie qu\u2019elle porte et se mettait \u00e0 le partager, une humanit\u00e9 nouvelle na\u00eetrait.<\/p>\n<p>Aidez-nous \u00e0 marcher avec tous les humains en qu\u00eate et en souffrance, \u00e0 leur faire d\u00e9couvrir des chemins de Vie en creux des chemins de mort de ce monde, \u00e0 \u00e9tablir des relations transformantes, \u00e0 \u00eatre porteurs de lumi\u00e8re et d\u2019esp\u00e9rance\u2026<\/p>\n<p>Aidez-nous \u00e0 changer le monde un humain \u00e0 la fois\u2026<\/p>\n<p>[\/et_pb_text][et_pb_button button_url=&#8221;https:\/\/www.zeffy.com\/fr-CA\/donation-form\/faire-un-don-au-pelerin&#8221; url_new_window=&#8221;on&#8221; button_text=&#8221;FAIRE UN DON&#8221; button_alignment=&#8221;center&#8221; _builder_version=&#8221;4.27.4&#8243; _module_preset=&#8221;08181441-1099-4174-9bab-bb352a06292d&#8221; hover_enabled=&#8221;0&#8243; locked=&#8221;off&#8221; global_colors_info=&#8221;{}&#8221; button_bg_color_gradient_stops__hover=&#8221;#e95365 1%|#ffaa55 100%&#8221; button_bg_use_color_gradient__hover=&#8221;on&#8221; sticky_enabled=&#8221;0&#8243;][\/et_pb_button][\/et_pb_column][\/et_pb_row][\/et_pb_section][et_pb_section fb_built=&#8221;1&#8243; disabled_on=&#8221;on|on|off&#8221; _builder_version=&#8221;4.27.4&#8243; _module_preset=&#8221;default&#8221; background_image=&#8221;https:\/\/lepelerin.org\/portail\/wp-content\/uploads\/2025\/02\/Vague-section-blanche.png&#8221; background_size=&#8221;stretch&#8221; min_height=&#8221;200px&#8221; height=&#8221;200px&#8221; custom_padding=&#8221;55px||55px||false|false&#8221; global_colors_info=&#8221;{}&#8221;][\/et_pb_section][et_pb_section fb_built=&#8221;1&#8243; _builder_version=&#8221;4.27.4&#8243; _module_preset=&#8221;default&#8221; background_color=&#8221;#FFFFFF&#8221; custom_padding=&#8221;0px|||||&#8221; global_colors_info=&#8221;{}&#8221;][et_pb_row _builder_version=&#8221;4.27.4&#8243; _module_preset=&#8221;default&#8221; global_colors_info=&#8221;{}&#8221;][et_pb_column type=&#8221;4_4&#8243; _builder_version=&#8221;4.27.4&#8243; _module_preset=&#8221;default&#8221; global_colors_info=&#8221;{}&#8221;][et_pb_heading title=&#8221;Les fa\u00e7ons de donner&#8221; _builder_version=&#8221;4.27.4&#8243; _module_preset=&#8221;default&#8221; global_colors_info=&#8221;{}&#8221;][\/et_pb_heading][\/et_pb_column][\/et_pb_row][et_pb_row _builder_version=&#8221;4.27.4&#8243; _module_preset=&#8221;default&#8221; global_colors_info=&#8221;{}&#8221;][et_pb_column type=&#8221;4_4&#8243; _builder_version=&#8221;4.27.0&#8243; _module_preset=&#8221;default&#8221; global_colors_info=&#8221;{}&#8221;][et_pb_text _builder_version=&#8221;4.27.4&#8243; _module_preset=&#8221;default&#8221; text_font=&#8221;||||||||&#8221; global_colors_info=&#8221;{}&#8221;]<\/p>\n<p>Il existe plusieurs fa\u00e7ons de soutenir la Fondation Le P\u00e8lerin et de contribuer \u00e0 sa mission. Que ce soit par un don direct, un don planifi\u00e9 ou encore un don d\u2019assurance vie, chaque geste permet d\u2019accompagner des personnes en qu\u00eate de sens et de transformation. Pour en savoir plus sur les diff\u00e9rentes options et leurs avantages, consultez notre guide d\u00e9taill\u00e9.<\/p>\n<p>[\/et_pb_text][\/et_pb_column][\/et_pb_row][et_pb_row column_structure=&#8221;1_2,1_2&#8243; _builder_version=&#8221;4.27.4&#8243; _module_preset=&#8221;default&#8221; global_colors_info=&#8221;{}&#8221;][et_pb_column type=&#8221;1_2&#8243; _builder_version=&#8221;4.27.4&#8243; _module_preset=&#8221;default&#8221; global_colors_info=&#8221;{}&#8221;][et_pb_button button_url=&#8221;\/portail\/wp-content\/uploads\/2025\/04\/Fondation-les-facons-de-donner.pdf&#8221; url_new_window=&#8221;on&#8221; button_text=&#8221;T\u00c9L\u00c9CHARGER LE GUIDE&#8221; button_alignment=&#8221;center&#8221; _builder_version=&#8221;4.27.4&#8243; _module_preset=&#8221;08181441-1099-4174-9bab-bb352a06292d&#8221; locked=&#8221;off&#8221; global_colors_info=&#8221;{}&#8221; button_bg_color_gradient_stops__hover=&#8221;#e95365 1%|#ffaa55 100%&#8221; button_bg_use_color_gradient__hover=&#8221;on&#8221;][\/et_pb_button][\/et_pb_column][et_pb_column type=&#8221;1_2&#8243; _builder_version=&#8221;4.27.4&#8243; _module_preset=&#8221;default&#8221; global_colors_info=&#8221;{}&#8221;][et_pb_button button_url=&#8221;https:\/\/www.zeffy.com\/fr-CA\/donation-form\/faire-un-don-au-pelerin&#8221; url_new_window=&#8221;on&#8221; button_text=&#8221;FAIRE UN DON&#8221; button_alignment=&#8221;center&#8221; _builder_version=&#8221;4.27.4&#8243; _module_preset=&#8221;08181441-1099-4174-9bab-bb352a06292d&#8221; hover_enabled=&#8221;0&#8243; locked=&#8221;off&#8221; global_colors_info=&#8221;{}&#8221; button_bg_color_gradient_stops__hover=&#8221;#e95365 1%|#ffaa55 100%&#8221; button_bg_use_color_gradient__hover=&#8221;on&#8221; sticky_enabled=&#8221;0&#8243;][\/et_pb_button][\/et_pb_column][\/et_pb_row][\/et_pb_section][et_pb_section fb_built=&#8221;1&#8243; _builder_version=&#8221;4.27.4&#8243; _module_preset=&#8221;default&#8221; use_background_color_gradient=&#8221;on&#8221; background_color_gradient_direction=&#8221;90deg&#8221; background_color_gradient_stops=&#8221;#ffaa55 0%|#be4750 60%&#8221; global_colors_info=&#8221;{}&#8221;][et_pb_row _builder_version=&#8221;4.27.4&#8243; _module_preset=&#8221;default&#8221; global_colors_info=&#8221;{}&#8221;][et_pb_column type=&#8221;4_4&#8243; _builder_version=&#8221;4.27.4&#8243; _module_preset=&#8221;default&#8221; global_colors_info=&#8221;{}&#8221;][et_pb_testimonial author=&#8221;Maurice Zundel&#8221; portrait_url=&#8221;https:\/\/lepelerin.org\/portail\/wp-content\/uploads\/2025\/04\/Maur-ce-Zundel-portrait.jpg&#8221; _builder_version=&#8221;4.27.4&#8243; _module_preset=&#8221;default&#8221; use_background_color=&#8221;off&#8221; background_layout=&#8221;dark&#8221; global_colors_info=&#8221;{}&#8221;]<\/p>\n<p>\u00ab C&#8217;est aujourd&#8217;hui que la vie doit s&#8217;\u00e9terniser, c&#8217;est aujourd&#8217;hui que nous sommes appel\u00e9s \u00e0 vaincre la mort, \u00e0 devenir source et origine, \u00e0 recueillir l&#8217;histoire, pour qu&#8217;elle fasse, \u00e0 travers nous un nouveau d\u00e9part. \u00bb<\/p>\n<p>[\/et_pb_testimonial][\/et_pb_column][\/et_pb_row][\/et_pb_section][et_pb_section fb_built=&#8221;1&#8243; _builder_version=&#8221;4.27.4&#8243; _module_preset=&#8221;default&#8221; global_colors_info=&#8221;{}&#8221;][et_pb_row _builder_version=&#8221;4.27.4&#8243; _module_preset=&#8221;default&#8221; global_colors_info=&#8221;{}&#8221;][et_pb_column type=&#8221;4_4&#8243; _builder_version=&#8221;4.27.4&#8243; _module_preset=&#8221;default&#8221; global_colors_info=&#8221;{}&#8221;][et_pb_heading title=&#8221;\u00c0 quoi servent vos dons ?&#8221; _builder_version=&#8221;4.27.4&#8243; _module_preset=&#8221;default&#8221; global_colors_info=&#8221;{}&#8221;][\/et_pb_heading][\/et_pb_column][\/et_pb_row][et_pb_row column_structure=&#8221;1_2,1_2&#8243; _builder_version=&#8221;4.27.0&#8243; _module_preset=&#8221;default&#8221; global_colors_info=&#8221;{}&#8221;][et_pb_column type=&#8221;1_2&#8243; _builder_version=&#8221;4.27.0&#8243; _module_preset=&#8221;default&#8221; global_colors_info=&#8221;{}&#8221;][et_pb_heading title=&#8221;Rendre accessible  l&#8217;accompagnement spirituel&#8221; _builder_version=&#8221;4.27.4&#8243; _module_preset=&#8221;37aae277-c41d-4872-83a1-a4cada35d6d7&#8243; hover_enabled=&#8221;0&#8243; locked=&#8221;off&#8221; global_colors_info=&#8221;{}&#8221; title_font_size=&#8221;39px&#8221; sticky_enabled=&#8221;0&#8243;][\/et_pb_heading][et_pb_text _builder_version=&#8221;4.27.4&#8243; _module_preset=&#8221;default&#8221; hover_enabled=&#8221;0&#8243; locked=&#8221;off&#8221; global_colors_info=&#8221;{}&#8221; sticky_enabled=&#8221;0&#8243;]<\/p>\n<p>De plus en plus, \u00e0 cause de la situation sociale et \u00e9conomique actuelle, les demandes d&#8217;accompagnement augmentent mais les gens n&#8217;ont plus les moyens de payer le plein montant et m\u00eame \u00e0 fournir un simple montant de base. Nous faisons donc de plus en plus d&#8217;accompagnements gratuits tout en continuant \u00e0 payer nos personnes accompagnatrices. Nous avons donc besoin de vos dons !<\/p>\n<p>[\/et_pb_text][\/et_pb_column][et_pb_column type=&#8221;1_2&#8243; _builder_version=&#8221;4.27.0&#8243; _module_preset=&#8221;default&#8221; global_colors_info=&#8221;{}&#8221;][et_pb_image src=&#8221;https:\/\/lepelerin.org\/portail\/wp-content\/uploads\/2025\/04\/FON-Accompagner-humain.jpg&#8221; alt=&#8221;Accompagner l&#8217;humain&#8221; title_text=&#8221;Accompagner l&#8217;humain&#8221; _builder_version=&#8221;4.27.4&#8243; _module_preset=&#8221;a8cdda58-12ba-40c7-ac69-001b7a520368&#8243; global_colors_info=&#8221;{}&#8221;][\/et_pb_image][\/et_pb_column][\/et_pb_row][et_pb_row column_structure=&#8221;1_2,1_2&#8243; _builder_version=&#8221;4.27.0&#8243; _module_preset=&#8221;default&#8221; global_colors_info=&#8221;{}&#8221;][et_pb_column type=&#8221;1_2&#8243; _builder_version=&#8221;4.27.0&#8243; _module_preset=&#8221;default&#8221; global_colors_info=&#8221;{}&#8221;][et_pb_image src=&#8221;https:\/\/lepelerin.org\/portail\/wp-content\/uploads\/2025\/04\/FON-Contenus-riches-accessibles.jpg&#8221; alt=&#8221;Proposer des contenus riches et accessibles&#8221; title_text=&#8221;Proposer des contenus riches et accessibles&#8221; _builder_version=&#8221;4.27.4&#8243; _module_preset=&#8221;a8cdda58-12ba-40c7-ac69-001b7a520368&#8243; locked=&#8221;off&#8221; global_colors_info=&#8221;{}&#8221;][\/et_pb_image][\/et_pb_column][et_pb_column type=&#8221;1_2&#8243; _builder_version=&#8221;4.27.0&#8243; _module_preset=&#8221;default&#8221; global_colors_info=&#8221;{}&#8221;][et_pb_heading title=&#8221;Appuyer le d\u00e9veloppement de nos \u00e9coles et des contenus riches et disponibles&#8221; _builder_version=&#8221;4.27.4&#8243; _module_preset=&#8221;37aae277-c41d-4872-83a1-a4cada35d6d7&#8243; hover_enabled=&#8221;0&#8243; global_colors_info=&#8221;{}&#8221; title_font_size=&#8221;36px&#8221; sticky_enabled=&#8221;0&#8243;][\/et_pb_heading][et_pb_text _builder_version=&#8221;4.27.4&#8243; _module_preset=&#8221;default&#8221; text_font=&#8221;||||||||&#8221; hover_enabled=&#8221;0&#8243; global_colors_info=&#8221;{}&#8221; sticky_enabled=&#8221;0&#8243;]<\/p>\n<p>Dans tous les secteurs d&#8217;activit\u00e9s du P\u00e8lerin, nous d\u00e9veloppons des contenus riches et inspirants. Cette situation est d&#8217;autant plus pr\u00e9sente avec la mise en place de nos trois \u00e9coles. C&#8217;est le cas, entre autres, pour le nouveau programme Sacramentalit\u00e9 et intervention pastorale, s&#8217;adressant \u00e0 toutes les personnes engag\u00e9es en paroisse ou souhaitant approfondir la dimension sacramentelle de leur vie spirituelle. Nous sommes en voie de rendre disponible, en anglais, notre certificat en accompagnement spirituel, ce qui demandera des investissements importants. Et, comme pour l&#8217;accompagnement, les besoins de soutien financier, dont les demandes de bourses, vont grandissant.<\/p>\n<p>[\/et_pb_text][\/et_pb_column][\/et_pb_row][et_pb_row column_structure=&#8221;1_2,1_2&#8243; _builder_version=&#8221;4.27.4&#8243; _module_preset=&#8221;default&#8221; global_colors_info=&#8221;{}&#8221;][et_pb_column type=&#8221;1_2&#8243; _builder_version=&#8221;4.27.0&#8243; _module_preset=&#8221;default&#8221; global_colors_info=&#8221;{}&#8221;][et_pb_heading title=&#8221;Soutenir la recherche en spiritualit\u00e9&#8221; _builder_version=&#8221;4.27.4&#8243; _module_preset=&#8221;37aae277-c41d-4872-83a1-a4cada35d6d7&#8243; hover_enabled=&#8221;0&#8243; locked=&#8221;off&#8221; global_colors_info=&#8221;{}&#8221; sticky_enabled=&#8221;0&#8243;][\/et_pb_heading][et_pb_text _builder_version=&#8221;4.27.4&#8243; _module_preset=&#8221;default&#8221; hover_enabled=&#8221;0&#8243; locked=&#8221;off&#8221; global_colors_info=&#8221;{}&#8221; sticky_enabled=&#8221;0&#8243;]<\/p>\n<p>Depuis plus de 25 ans, le P\u00e8lerin m\u00e8ne des recherches en spiritualit\u00e9 gr\u00e2ce \u00e0 votre soutien. Nous avons fait un pas de plus en cr\u00e9ant une chaire priv\u00e9e de recherche en accompagnement et spiritualit\u00e9. Il nous faut en assurer la mise en place, ce qui demandera aussi des investissements. Mille mercis pour toute l&#8217;aide que vous pouvez nous apporter !<\/p>\n<p>[\/et_pb_text][\/et_pb_column][et_pb_column type=&#8221;1_2&#8243; _builder_version=&#8221;4.27.4&#8243; _module_preset=&#8221;default&#8221; global_colors_info=&#8221;{}&#8221;][et_pb_image src=&#8221;https:\/\/lepelerin.org\/portail\/wp-content\/uploads\/2025\/04\/FON-Recherche-spiritualite.jpg&#8221; alt=&#8221;Soutenir la recherche en spiritualit\u00e9&#8221; title_text=&#8221;Soutenir la recherche en spiritualit\u00e9&#8221; _builder_version=&#8221;4.27.4&#8243; _module_preset=&#8221;a8cdda58-12ba-40c7-ac69-001b7a520368&#8243; global_colors_info=&#8221;{}&#8221;][\/et_pb_image][\/et_pb_column][\/et_pb_row][et_pb_row _builder_version=&#8221;4.27.4&#8243; _module_preset=&#8221;default&#8221; global_colors_info=&#8221;{}&#8221;][et_pb_column type=&#8221;4_4&#8243; _builder_version=&#8221;4.27.4&#8243; _module_preset=&#8221;default&#8221; global_colors_info=&#8221;{}&#8221;][et_pb_button button_url=&#8221;https:\/\/www.zeffy.com\/fr-CA\/donation-form\/faire-un-don-au-pelerin&#8221; url_new_window=&#8221;on&#8221; button_text=&#8221;FAIRE UN DON&#8221; button_alignment=&#8221;center&#8221; _builder_version=&#8221;4.27.4&#8243; _module_preset=&#8221;08181441-1099-4174-9bab-bb352a06292d&#8221; hover_enabled=&#8221;0&#8243; locked=&#8221;off&#8221; global_colors_info=&#8221;{}&#8221; button_bg_color_gradient_stops__hover=&#8221;#e95365 1%|#ffaa55 100%&#8221; button_bg_use_color_gradient__hover=&#8221;on&#8221; sticky_enabled=&#8221;0&#8243;][\/et_pb_button][\/et_pb_column][\/et_pb_row][\/et_pb_section][et_pb_section fb_built=&#8221;1&#8243; _builder_version=&#8221;4.27.4&#8243; _module_preset=&#8221;default&#8221; use_background_color_gradient=&#8221;on&#8221; background_color_gradient_direction=&#8221;90deg&#8221; background_color_gradient_stops=&#8221;#ffaa55 0%|#be4750 60%&#8221; global_colors_info=&#8221;{}&#8221;][et_pb_row _builder_version=&#8221;4.27.4&#8243; _module_preset=&#8221;default&#8221; global_colors_info=&#8221;{}&#8221;][et_pb_column type=&#8221;4_4&#8243; _builder_version=&#8221;4.27.4&#8243; _module_preset=&#8221;default&#8221; global_colors_info=&#8221;{}&#8221;][et_pb_testimonial author=&#8221;Hans Urs von Balthasar&#8221; portrait_url=&#8221;https:\/\/lepelerin.org\/portail\/wp-content\/uploads\/2025\/04\/Hans-Urs-von-Balthasar-portrait.jpg&#8221; _builder_version=&#8221;4.27.4&#8243; _module_preset=&#8221;default&#8221; use_background_color=&#8221;off&#8221; background_layout=&#8221;dark&#8221; global_colors_info=&#8221;{}&#8221;]<\/p>\n<p>\u00ab L&#8217;homme est l&#8217;\u00eatre qui a dans son c\u0153ur un myst\u00e8re plus grand que lui-m\u00eame. Il est construit, comme un tabernacle, tout autour d&#8217;un myst\u00e8re sacr\u00e9. (\u2026) Son c\u0153ur le plus intime est disposition, \u00e9coute, perception, volont\u00e9 de se donner \u00e0 quelqu&#8217;un de plus grand, de laisser s&#8217;affirmer une v\u00e9rit\u00e9 plus profonde, de rendre les armes \u00e0 un amour plus patient. \u00bb<\/p>\n<p>[\/et_pb_testimonial][\/et_pb_column][\/et_pb_row][\/et_pb_section][et_pb_section fb_built=&#8221;1&#8243; _builder_version=&#8221;4.27.0&#8243; _module_preset=&#8221;default&#8221; min_height=&#8221;747.2px&#8221; custom_padding=&#8221;3px|||||&#8221; global_module=&#8221;250685&#8243; saved_tabs=&#8221;all&#8221; global_colors_info=&#8221;{}&#8221;][et_pb_row _builder_version=&#8221;4.27.0&#8243; _module_preset=&#8221;default&#8221; custom_padding=&#8221;45px|||||&#8221; global_colors_info=&#8221;{}&#8221;][et_pb_column type=&#8221;4_4&#8243; _builder_version=&#8221;4.27.0&#8243; _module_preset=&#8221;default&#8221; global_colors_info=&#8221;{}&#8221;][et_pb_heading title=&#8221;\u00c0 ne pas manquer&#8221; _builder_version=&#8221;4.27.0&#8243; _module_preset=&#8221;default&#8221; global_colors_info=&#8221;{}&#8221;][\/et_pb_heading][\/et_pb_column][\/et_pb_row][et_pb_row column_structure=&#8221;1_3,1_3,1_3&#8243; _builder_version=&#8221;4.27.0&#8243; _module_preset=&#8221;default&#8221; custom_padding=&#8221;||0px|||&#8221; global_colors_info=&#8221;{}&#8221;][et_pb_column type=&#8221;1_3&#8243; _builder_version=&#8221;4.27.0&#8243; _module_preset=&#8221;default&#8221; global_colors_info=&#8221;{}&#8221;][diec_event_carousel show_name=&#8221;off&#8221; show_category=&#8221;off&#8221; show_weburl=&#8221;off&#8221; show_detail=&#8221;off&#8221; show_data_one_line=&#8221;on&#8221; event_count=&#8221;1&#8243; columns=&#8221;1&#8243; image_align=&#8221;topimage_bottomdetail&#8221; event_inner_spacing=&#8221;6px||||false|false&#8221; align=&#8221;center&#8221; thumbnail_margin=&#8221;||10px||false|false&#8221; show_arrows=&#8221;off&#8221; show_control=&#8221;off&#8221; mouse_drag=&#8221;off&#8221; touch_drag=&#8221;off&#8221; arrows_custom_color=&#8221;#000000&#8243; dot_nav_custom_color=&#8221;#000000&#8243; dot_nav_active=&#8221;#000000&#8243; autoplay=&#8221;off&#8221; _builder_version=&#8221;4.27.4&#8243; _module_preset=&#8221;default&#8221; duration_font=&#8221;|600||on|||||&#8221; background_color=&#8221;#FFFFFF&#8221; height=&#8221;560px&#8221; border_radii_thumbnail_border=&#8221;off|10px|10px|0px|0px&#8221; border_width_all_thumbnail_border=&#8221;0px&#8221; border_radii_event_border=&#8221;off|17px|18px|0px|0px&#8221; border_width_all_event_border=&#8221;0px&#8221; box_shadow_style=&#8221;preset1&#8243; global_colors_info=&#8221;{}&#8221;][\/diec_event_carousel][et_pb_button button_url=&#8221;\/portail\/evenements\/&#8221; button_text=&#8221;TOUS LES \u00c9V\u00c9NEMENTS&#8221; button_alignment=&#8221;center&#8221; _builder_version=&#8221;4.27.4&#8243; _module_preset=&#8221;default&#8221; locked=&#8221;off&#8221; global_colors_info=&#8221;{}&#8221;][\/et_pb_button][\/et_pb_column][et_pb_column type=&#8221;1_3&#8243; _builder_version=&#8221;4.27.0&#8243; _module_preset=&#8221;default&#8221; global_colors_info=&#8221;{}&#8221;][et_pb_blog posts_number=&#8221;1&#8243; include_categories=&#8221;5&#8243; _builder_version=&#8221;4.27.4&#8243; _module_preset=&#8221;default&#8221; height=&#8221;560px&#8221; global_colors_info=&#8221;{}&#8221;][\/et_pb_blog][et_pb_button button_url=&#8221;\/portail\/nouvelles-du-pelerin\/&#8221; button_text=&#8221;TOUTES LES ACTUALIT\u00c9S&#8221; button_alignment=&#8221;center&#8221; _builder_version=&#8221;4.27.4&#8243; _module_preset=&#8221;default&#8221; locked=&#8221;off&#8221; global_colors_info=&#8221;{}&#8221;][\/et_pb_button][\/et_pb_column][et_pb_column type=&#8221;1_3&#8243; _builder_version=&#8221;4.27.0&#8243; _module_preset=&#8221;default&#8221; global_colors_info=&#8221;{}&#8221;][et_pb_blog posts_number=&#8221;1&#8243; include_categories=&#8221;6&#8243; _builder_version=&#8221;4.27.4&#8243; _module_preset=&#8221;default&#8221; height=&#8221;560px&#8221; global_colors_info=&#8221;{}&#8221;][\/et_pb_blog][et_pb_button button_url=&#8221;\/portail\/meditations-evangile-du-jour&#8221; button_text=&#8221;TOUTES LES M\u00c9DITATIONS&#8221; button_alignment=&#8221;center&#8221; _builder_version=&#8221;4.27.4&#8243; _module_preset=&#8221;default&#8221; locked=&#8221;off&#8221; global_colors_info=&#8221;{}&#8221;][\/et_pb_button][\/et_pb_column][\/et_pb_row][\/et_pb_section]<\/p>\n","protected":false},"excerpt":{"rendered":"<p>D\u00e9couvrez comment soutenir la Fondation Le P\u00e8lerin et contribuer \u00e0 sa mission d&#8217;accompagnement spirituel. Chaque contribution aide \u00e0 transformer des vies. En savoir plus sur les diff\u00e9rentes options de dons.<\/p>\n","protected":false},"author":2,"featured_media":250303,"parent":250546,"menu_order":0,"comment_status":"closed","ping_status":"closed","template":"","meta":{"_et_pb_use_builder":"on","_et_pb_old_content":"","_et_gb_content_width":"","footnotes":""},"class_list":["post-250295","page","type-page","status-publish","has-post-thumbnail","hentry"],"_links":{"self":[{"href":"https:\/\/lepelerin.org\/portail\/wp-json\/wp\/v2\/pages\/250295","targetHints":{"allow":["GET"]}}],"collection":[{"href":"https:\/\/lepelerin.org\/portail\/wp-json\/wp\/v2\/pages"}],"about":[{"href":"https:\/\/lepelerin.org\/portail\/wp-json\/wp\/v2\/types\/page"}],"author":[{"embeddable":true,"href":"https:\/\/lepelerin.org\/portail\/wp-json\/wp\/v2\/users\/2"}],"replies":[{"embeddable":true,"href":"https:\/\/lepelerin.org\/portail\/wp-json\/wp\/v2\/comments?post=250295"}],"version-history":[{"count":25,"href":"https:\/\/lepelerin.org\/portail\/wp-json\/wp\/v2\/pages\/250295\/revisions"}],"predecessor-version":[{"id":253928,"href":"https:\/\/lepelerin.org\/portail\/wp-json\/wp\/v2\/pages\/250295\/revisions\/253928"}],"up":[{"embeddable":true,"href":"https:\/\/lepelerin.org\/portail\/wp-json\/wp\/v2\/pages\/250546"}],"wp:featuredmedia":[{"embeddable":true,"href":"https:\/\/lepelerin.org\/portail\/wp-json\/wp\/v2\/media\/250303"}],"wp:attachment":[{"href":"https:\/\/lepelerin.org\/portail\/wp-json\/wp\/v2\/media?parent=250295"}],"curies":[{"name":"wp","href":"https:\/\/api.w.org\/{rel}","templated":true}]}}